{"id":1439,"date":"2017-12-28T17:48:00","date_gmt":"2017-12-28T21:48:00","guid":{"rendered":"http:\/\/localhost\/?page_id=1439"},"modified":"2025-08-25T16:33:04","modified_gmt":"2025-08-25T20:33:04","slug":"special-projects","status":"publish","type":"page","link":"https:\/\/handymananddesigns.com\/fr\/gallery\/special-projects","title":{"rendered":"Projets sp\u00e9ciaux &#8211; Quelques exemples"},"content":{"rendered":"<style type=\"text\/css\">\r\n<!--\r\n#gal12 {opacity: .3;}\r\n-->\r\n<\/style>\r\n\r\n<div style=\"clear: both; background: url(https:\/\/handymananddesigns.com\/wp-content\/uploads\/2017\/05\/bg-texture.jpg) repeat center; padding-bottom: 50px;\">\r\n<div style=\"height: 1px; clear: both;\"><\/div>\r\n<div style=\"background: url(https:\/\/handymananddesigns.com\/wp-content\/uploads\/2017\/05\/line-title.jpg) repeat-x center;\"><div style=\"text-align: center; width: 100%;\" class=\"wow zoomIn\" data-wow-duration=\".5s\"><img decoding=\"async\" style=\"max-width: 458px; width: 90%; display: block; margin: 20px auto 30px;\" src=\"https:\/\/handymananddesigns.com\/wp-content\/uploads\/2019\/head-gallery-fr.png\" border=\"0\" alt=\"French Heading Gallery\"\/><\/div>\r\n<\/div>\r\n\r\n<div id=\"galDiv\">\r\n\r\n<h2>Projets sp\u00e9ciaux &#8211; Quelques exemples<\/h2>\r\n<p>Divers mod\u00e8les pour les postes de travail, les messages web de location d\u2019appartement, et tout ce qui touche \u00e0 la pr\u00e9sentation de votre pr\u00e9sence en ligne et plus encore!<\/p>\r\n\r\n<ul>\r\n<li>D\u00e9veloppement l\u00e9ger de Site Web<\/li>\r\n<li>Personnalisation et r\u00e9paration de WordPress<\/li>\r\n<li>Conception de publication Craigslist<\/li>\r\n<li>Conception HTML Personnalis\u00e9<\/li>\r\n<li>Graphisme web<\/li>\r\n<li>Conception de page Facebook<\/li>\r\n<\/ul>\r\n\r\n<p class=\"wow fadeIn\" data-wow-duration=\"1s\" data-wow-delay=\".5s\" style=\"margin-bottom: 10px;\">Pour un devis de travail cette semaine, n'h\u00e9sitez pas \u00e0 nous contacter par t\u00e9l\u00e9phone ou via notre <a href=\"https:\/\/handymananddesigns.com\/fr\/contact\">formulaire de contact<\/a> pour discuter de quelle fa\u00e7on nous pouvons vous aider avec tout ce qui figure sur votre liste de choses \u00e0 faire <em>aujourd'hui!<\/em><\/p>\r\n<\/div>\r\n\r\n<!-- Gallery -->\r\n<div id=\"galCat\" class=\"wow fadeIn\" data-wow-duration=\"1s\" data-wow-delay=\".2s\">\r\n<ul class=\"lcp_catlist\" id=\"lcp_instance_0\"><li><a href=\"https:\/\/handymananddesigns.com\/fr\/3d-design-dodge-sprinter-campervan\" title=\"{:en}3D Design - Dodge Sprinter Campervan{:}{:fr}Conception 3D \u2013 Dodge Sprinter am\u00e9nag\u00e9{:}\"><img loading=\"lazy\" decoding=\"async\" width=\"354\" height=\"350\" src=\"https:\/\/handymananddesigns.com\/wp-content\/uploads\/gal-sprinter-van.jpg\" class=\"lcp_thumbnail wp-post-image\" alt=\"{:en}3D Design - Dodge Sprinter Campervan{:}{:fr}Conception 3D \u2013 Dodge Sprinter am\u00e9nag\u00e9{:}\" \/><\/a><\/li><li><a href=\"https:\/\/handymananddesigns.com\/fr\/gallery-studio-renovations\" title=\"{:en}From Fur Shop to Gallery Studio\u2014A Montr\u00e9al Transformation{:}{:fr}D\u2019une boutique de fourrures \u00e0 un studio\u2011galerie \u2014 Une transformation \u00e0 Montr\u00e9al{:}\"><img loading=\"lazy\" decoding=\"async\" width=\"354\" height=\"350\" src=\"https:\/\/handymananddesigns.com\/wp-content\/uploads\/gal-reno-1.jpg\" class=\"lcp_thumbnail wp-post-image\" alt=\"{:en}From Fur Shop to Gallery Studio\u2014A Montr\u00e9al Transformation{:}{:fr}D\u2019une boutique de fourrures \u00e0 un studio\u2011galerie \u2014 Une transformation \u00e0 Montr\u00e9al{:}\" \/><\/a><\/li><\/ul>\r\n<\/div>\r\n\r\n<\/div>","protected":false},"excerpt":{"rendered":"Projets sp\u00e9ciaux &#8211; Quelques exemples Divers mod\u00e8les pour les postes de travail, les messages web de location d\u2019appartement, et tout ce qui touche \u00e0 la pr\u00e9sentation de votre pr\u00e9sence en ligne et plus encore! D\u00e9veloppement l\u00e9ger de Site Web Personnalisation et r\u00e9paration de WordPress Conception de publication Craigslist Conception HTML Personnalis\u00e9 Graphisme web Conception de [&hellip;]","protected":false},"author":1,"featured_media":0,"parent":34,"menu_order":12,"comment_status":"closed","ping_status":"closed","template":"fullwidth-gallery.php","meta":{"footnotes":""},"class_list":["post-1439","page","type-page","status-publish","hentry"],"translation":{"provider":"WPGlobus","version":"3.0.0","language":"fr","enabled_languages":["en","fr"],"languages":{"en":{"title":true,"content":true,"excerpt":false},"fr":{"title":true,"content":true,"excerpt":false}}},"yoast_head":"<!-- This site is optimized with the Yoast SEO plugin v26.4 - https:\/\/yoast.com\/wordpress\/plugins\/seo\/ -->\n<title>Special Projects | Sample Photos | Handyman And Designs<\/title>\n<meta name=\"robots\" content=\"index, follow, max-snippet:-1, max-image-preview:large, max-video-preview:-1\" \/>\n<link rel=\"canonical\" href=\"https:\/\/handymananddesigns.com\/gallery\/special-projects\" \/>\n<meta property=\"og:locale\" content=\"fr_FR\" \/>\n<meta property=\"og:type\" content=\"article\" \/>\n<meta property=\"og:title\" content=\"Special Projects | Sample Photos | Handyman And Designs\" \/>\n<meta property=\"og:description\" content=\"View our DIY in-house special projects. Find inspiration, tips, and product recommendations for campervans, themed builds, and more. Build, Improve, Enjoy!\" \/>\n<meta property=\"og:url\" content=\"https:\/\/handymananddesigns.com\/gallery\/special-projects\" \/>\n<meta property=\"og:site_name\" content=\"Handyman And Designs\" \/>\n<meta property=\"article:publisher\" content=\"https:\/\/www.facebook.com\/HandymanAndDesignscom-1917753401876321\" \/>\n<meta property=\"article:modified_time\" content=\"2025-08-25T20:33:04+00:00\" \/>\n<meta property=\"og:image\" content=\"https:\/\/handymananddesigns.com\/wp-content\/uploads\/icons\/head-gallery-en.png\" \/>\n<meta name=\"twitter:card\" content=\"summary_large_image\" \/>\n<meta name=\"twitter:title\" content=\"Special Projects | Sample Photos | Handyman And Designs\" \/>\n<meta name=\"twitter:description\" content=\"View our DIY in-house special projects. Find inspiration, tips, and product recommendations for campervans, themed builds, and more. Build, Improve, Enjoy!\" \/>\n<script type=\"application\/ld+json\" class=\"yoast-schema-graph\">{\"@context\":\"https:\/\/schema.org\",\"@graph\":[{\"@type\":\"WebPage\",\"@id\":\"https:\/\/handymananddesigns.com\/gallery\/special-projects\",\"url\":\"https:\/\/handymananddesigns.com\/gallery\/special-projects\",\"name\":\"Special Projects | Sample Photos | Handyman And Designs\",\"isPartOf\":{\"@id\":\"https:\/\/handymananddesigns.com\/#website\"},\"primaryImageOfPage\":{\"@id\":\"https:\/\/handymananddesigns.com\/gallery\/special-projects#primaryimage\"},\"image\":{\"@id\":\"https:\/\/handymananddesigns.com\/gallery\/special-projects#primaryimage\"},\"thumbnailUrl\":\"https:\/\/handymananddesigns.com\/wp-content\/uploads\/icons\/head-gallery-en.png\",\"datePublished\":\"2017-12-28T21:48:00+00:00\",\"dateModified\":\"2025-08-25T20:33:04+00:00\",\"description\":\"View our DIY in-house special projects. Find inspiration, tips, and product recommendations for campervans, themed builds, and more. Build, Improve, Enjoy!\",\"breadcrumb\":{\"@id\":\"https:\/\/handymananddesigns.com\/gallery\/special-projects#breadcrumb\"},\"inLanguage\":\"fr-FR\",\"potentialAction\":[{\"@type\":\"ReadAction\",\"target\":[\"https:\/\/handymananddesigns.com\/gallery\/special-projects\"]}]},{\"@type\":\"ImageObject\",\"inLanguage\":\"fr-FR\",\"@id\":\"https:\/\/handymananddesigns.com\/gallery\/special-projects#primaryimage\",\"url\":\"https:\/\/handymananddesigns.com\/wp-content\/uploads\/icons\/head-gallery-en.png\",\"contentUrl\":\"https:\/\/handymananddesigns.com\/wp-content\/uploads\/icons\/head-gallery-en.png\"},{\"@type\":\"BreadcrumbList\",\"@id\":\"https:\/\/handymananddesigns.com\/gallery\/special-projects#breadcrumb\",\"itemListElement\":[{\"@type\":\"ListItem\",\"position\":1,\"name\":\"Accueil\",\"item\":\"https:\/\/handymananddesigns.com\/\"},{\"@type\":\"ListItem\",\"position\":2,\"name\":\"Gallery\",\"item\":\"https:\/\/handymananddesigns.com\/gallery\"},{\"@type\":\"ListItem\",\"position\":3,\"name\":\"Special Projects\"}]},{\"@type\":\"WebSite\",\"@id\":\"https:\/\/handymananddesigns.com\/#website\",\"url\":\"https:\/\/handymananddesigns.com\/\",\"name\":\"Handyman And Designs\",\"description\":\"Petits et moyens boulots et conceptions!\",\"potentialAction\":[{\"@type\":\"SearchAction\",\"target\":{\"@type\":\"EntryPoint\",\"urlTemplate\":\"https:\/\/handymananddesigns.com\/?s={search_term_string}\"},\"query-input\":{\"@type\":\"PropertyValueSpecification\",\"valueRequired\":true,\"valueName\":\"search_term_string\"}}],\"inLanguage\":\"fr-FR\"}]}<\/script>\n<!-- \/ Yoast SEO plugin. -->","yoast_head_json":{"title":"Special Projects | Sample Photos | Handyman And Designs","robots":{"index":"index","follow":"follow","max-snippet":"max-snippet:-1","max-image-preview":"max-image-preview:large","max-video-preview":"max-video-preview:-1"},"canonical":"https:\/\/handymananddesigns.com\/gallery\/special-projects","og_locale":"fr_FR","og_type":"article","og_title":"Special Projects | Sample Photos | Handyman And Designs","og_description":"View our DIY in-house special projects. Find inspiration, tips, and product recommendations for campervans, themed builds, and more. Build, Improve, Enjoy!","og_url":"https:\/\/handymananddesigns.com\/gallery\/special-projects","og_site_name":"Handyman And Designs","article_publisher":"https:\/\/www.facebook.com\/HandymanAndDesignscom-1917753401876321","article_modified_time":"2025-08-25T20:33:04+00:00","og_image":[{"url":"https:\/\/handymananddesigns.com\/wp-content\/uploads\/icons\/head-gallery-en.png","type":"","width":"","height":""}],"twitter_card":"summary_large_image","twitter_title":"Special Projects | Sample Photos | Handyman And Designs","twitter_description":"View our DIY in-house special projects. Find inspiration, tips, and product recommendations for campervans, themed builds, and more. Build, Improve, Enjoy!","schema":{"@context":"https:\/\/schema.org","@graph":[{"@type":"WebPage","@id":"https:\/\/handymananddesigns.com\/gallery\/special-projects","url":"https:\/\/handymananddesigns.com\/gallery\/special-projects","name":"Special Projects | Sample Photos | Handyman And Designs","isPartOf":{"@id":"https:\/\/handymananddesigns.com\/#website"},"primaryImageOfPage":{"@id":"https:\/\/handymananddesigns.com\/gallery\/special-projects#primaryimage"},"image":{"@id":"https:\/\/handymananddesigns.com\/gallery\/special-projects#primaryimage"},"thumbnailUrl":"https:\/\/handymananddesigns.com\/wp-content\/uploads\/icons\/head-gallery-en.png","datePublished":"2017-12-28T21:48:00+00:00","dateModified":"2025-08-25T20:33:04+00:00","description":"View our DIY in-house special projects. Find inspiration, tips, and product recommendations for campervans, themed builds, and more. Build, Improve, Enjoy!","breadcrumb":{"@id":"https:\/\/handymananddesigns.com\/gallery\/special-projects#breadcrumb"},"inLanguage":"fr-FR","potentialAction":[{"@type":"ReadAction","target":["https:\/\/handymananddesigns.com\/gallery\/special-projects"]}]},{"@type":"ImageObject","inLanguage":"fr-FR","@id":"https:\/\/handymananddesigns.com\/gallery\/special-projects#primaryimage","url":"https:\/\/handymananddesigns.com\/wp-content\/uploads\/icons\/head-gallery-en.png","contentUrl":"https:\/\/handymananddesigns.com\/wp-content\/uploads\/icons\/head-gallery-en.png"},{"@type":"BreadcrumbList","@id":"https:\/\/handymananddesigns.com\/gallery\/special-projects#breadcrumb","itemListElement":[{"@type":"ListItem","position":1,"name":"Accueil","item":"https:\/\/handymananddesigns.com\/"},{"@type":"ListItem","position":2,"name":"Gallery","item":"https:\/\/handymananddesigns.com\/gallery"},{"@type":"ListItem","position":3,"name":"Special Projects"}]},{"@type":"WebSite","@id":"https:\/\/handymananddesigns.com\/#website","url":"https:\/\/handymananddesigns.com\/","name":"Handyman And Designs","description":"Petits et moyens boulots et conceptions!","potentialAction":[{"@type":"SearchAction","target":{"@type":"EntryPoint","urlTemplate":"https:\/\/handymananddesigns.com\/?s={search_term_string}"},"query-input":{"@type":"PropertyValueSpecification","valueRequired":true,"valueName":"search_term_string"}}],"inLanguage":"fr-FR"}]}},"_links":{"self":[{"href":"https:\/\/handymananddesigns.com\/fr\/wp-json\/wp\/v2\/pages\/1439","targetHints":{"allow":["GET"]}}],"collection":[{"href":"https:\/\/handymananddesigns.com\/fr\/wp-json\/wp\/v2\/pages"}],"about":[{"href":"https:\/\/handymananddesigns.com\/fr\/wp-json\/wp\/v2\/types\/page"}],"author":[{"embeddable":true,"href":"https:\/\/handymananddesigns.com\/fr\/wp-json\/wp\/v2\/users\/1"}],"replies":[{"embeddable":true,"href":"https:\/\/handymananddesigns.com\/fr\/wp-json\/wp\/v2\/comments?post=1439"}],"version-history":[{"count":2,"href":"https:\/\/handymananddesigns.com\/fr\/wp-json\/wp\/v2\/pages\/1439\/revisions"}],"predecessor-version":[{"id":9214,"href":"https:\/\/handymananddesigns.com\/fr\/wp-json\/wp\/v2\/pages\/1439\/revisions\/9214"}],"up":[{"embeddable":true,"href":"https:\/\/handymananddesigns.com\/fr\/wp-json\/wp\/v2\/pages\/34"}],"wp:attachment":[{"href":"https:\/\/handymananddesigns.com\/fr\/wp-json\/wp\/v2\/media?parent=1439"}],"curies":[{"name":"wp","href":"https:\/\/api.w.org\/{rel}","templated":true}]}}