{"id":2,"date":"2017-05-12T20:10:20","date_gmt":"2017-05-12T20:10:20","guid":{"rendered":"http:\/\/localhost\/?page_id=2"},"modified":"2021-06-25T15:46:57","modified_gmt":"2021-06-25T19:46:57","slug":"about","status":"publish","type":"page","link":"https:\/\/handymananddesigns.com\/fr\/about","title":{"rendered":"\u00c0 propos"},"content":{"rendered":"<div style=\"clear: both; background: url(https:\/\/handymananddesigns.com\/wp-content\/uploads\/2017\/05\/bg-texture.jpg) repeat center;\">\r\n<div style=\"height: 1px; clear: both;\"><\/div>\r\n<div style=\"background: url(https:\/\/handymananddesigns.com\/wp-content\/uploads\/2017\/05\/line-title.jpg) repeat-x center;\"><div style=\"text-align: center; width: 100%;\" class=\"wow zoomIn\" data-wow-duration=\".5s\"><img decoding=\"async\" src=\"https:\/\/handymananddesigns.com\/wp-content\/uploads\/2017\/05\/head-about-fr.png\" border=\"0\" style=\"max-width: 470px; width: 90%; margin: 20px auto 30px; display: block;\"><\/div>\r\n<\/div>\r\n<div class=\"row\" style=\"max-width: 1200px; width: 100%; margin: 20px auto 0;\">\r\n\r\n<!-- Left Column -->\r\n<div id=\"aboutLeft\" class=\"col-sm-3\">\r\n\r\n<div class=\"wow fadeInLeft\" data-wow-duration=\".7s\" data-wow-delay=\".1s\" style=\"background: #fa9d1c; width: 100%; padding: 15px 0; color: #000; border-radius: 5px; font-family: 'Impact', Arial, sans-serif;\"><p style=\"padding: 0 0 0 30px; margin: 0; font-size: 20px;\">\u00c0 propos du Menu<\/p><\/div>\r\n\r\n<div class=\"aboutMenu wow fadeInLeft\" data-wow-duration=\".8s\" data-wow-delay=\".2s\">\r\n<ul>\r\n<li><a href=\"#info\"><i class=\"fa fa-caret-right\" aria-hidden=\"true\"><\/i>\u00a0 \u00c0 propos de nous<\/a><\/li>\r\n<li><a href=\"#reasons\"><i class=\"fa fa-caret-right\" aria-hidden=\"true\"><\/i>\u00a0 Les Raisons de nous Engager<\/a><\/li>\r\n<li><a href=\"#go-to\"><i class=\"fa fa-caret-right\" aria-hidden=\"true\"><\/i>\u00a0 La Solution Id\u00e9ale<\/a><\/li>\r\n<\/ul>\r\n<\/div>\r\n\r\n<\/div>\r\n<div id=\"aboutRight\" class=\"col-sm-9\">\r\n\r\n<div class=\"wow fadeIn\" data-wow-duration=\".8s\" data-wow-delay=\".1s\" style=\"max-width: 870px; width: 100%; margin-top: -30px;\"><img decoding=\"async\" src=\"https:\/\/handymananddesigns.com\/wp-content\/uploads\/2017\/05\/HandymanAndDesigns-scion-iq-custom-mod.jpg\" border=\"0\" style=\"width: 100%;\"><\/div>\r\n\r\n<a name=\"info\"><\/a>\r\n<div style=\"height: 30px;\"><\/div>\r\n<h3 class=\"wow fadeInUp\" data-wow-duration=\".8s\" data-wow-delay=\".1s\" style=\"margin: 0 0 20px; display: inline-table; line-height: 30px;\"><a class=\"pageTop\" href=\"#page-top\" style=\"line-height: normal; padding-top: 6px;\">TOP<\/a>La solution honn\u00eate et fiable pour tous vos besoins de cr\u00e9ation, de r\u00e9paration et de maintenance!<\/h3>\r\n<div>\r\n<p class=\"wow fadeInUp\" data-wow-duration=\".8s\" data-wow-delay=\".2s\">Abordable, amical, d\u00e9vou\u00e9, fiable &#8230; et tout \u00e7a fait de mani\u00e8re excellente. Petits ou moyens projets, <em>HandymanAndDesigns.com<\/em> est Votre-Solution-Unique pour tous vos besoins de r\u00e9paration, d&#8217;assemblage ou de conception graphique \u00e0 domicile ou commerciale.<\/p>\r\n\r\n<p class=\"wow fadeInUp\" data-wow-duration=\".8s\" data-wow-delay=\".3s\">Vous m\u00e9ritez un service sans soucis. Ne perdez pas votre temps avec un service moins fiable. Que vous commenciez votre prochain projet de maison, que vous ayez besoin de graphisme(s) ou de photos pour promouvoir vos produits, ou que vous ayez besoin de r\u00e9parations, nous pouvons faire ce travail rapidement et dans les limites de votre budget.<\/p>\r\n<\/div>\r\n<div class=\"wow fadeInUp\" data-wow-duration=\".8s\" data-wow-delay=\".3s\" style=\"max-width: 800px; width: 100%; margin: 35px auto 0; padding: 27px 45px 30px 45px; border: 5px #fa9d1c solid; border-radius: 10px; position: relative;\">\r\n<p style=\"font-size: 18px; font-style: italic; margin: 0; line-height: 26px;\"><strong>Les clients fid\u00e8les<\/strong> appr\u00e9cient notre aide continuelle pour transformer leurs visions en r\u00e9alit\u00e9. Nous aidons \u00e0 rendre les zones plus s\u00fbres, plus fonctionnelles, plus belles et tout simplement, un endroit confortable o\u00f9 vivre ou visiter. Contactez HandymanAndDesigns.com pour nous permettre de travailler pour vous aujourd&#8217;hui!<\/p>\r\n<\/div>\r\n\r\n<a name=\"reasons\"><\/a>\r\n<div style=\"height: 45px;\"><\/div>\r\n<h3 class=\"wow fadeInUp\" data-wow-duration=\".8s\" data-wow-delay=\".3s\" style=\"margin: 0 0 20px; display: inline-table; line-height: 30px;\"><a class=\"pageTop\" href=\"#page-top\" style=\"line-height: normal; padding-top: 6px;\">TOP<\/a>Quelques raisons pour lesquelles nos clients recommandent <em>HandymanAndDesigns.com<\/em> \u00e0 leurs amis:<\/h3>\r\n\r\n<div class=\"aboutContain wow fadeInUp\" data-wow-duration=\".8s\" data-wow-delay=\".4s\"><i class=\"fa fa-check faborder\" aria-hidden=\"true\"><\/i><strong>QUALIT\u00c9,<\/strong> Nous sommes s\u00e9rieux dans notre travail et nous nous effor\u00e7ons de gagner des clients r\u00e9guliers et des r\u00e9f\u00e9rences<\/div>\r\n\r\n<div class=\"aboutContain wow fadeInUp\" data-wow-duration=\".8s\" data-wow-delay=\".5s\"><i class=\"fa fa-check faborder\" aria-hidden=\"true\"><\/i><strong>HONN\u00caTE,<\/strong> pas de non-sens, conseil honn\u00eate, nous vous donnerons notre avis<\/div>\r\n\r\n<div class=\"aboutContain wow fadeInUp\" data-wow-duration=\"1s\" data-wow-delay=\".5s\"><i class=\"fa fa-check faborder\" aria-hidden=\"true\"><\/i><strong>COURTOIS,<\/strong> service fiable et amical. Aucun travail n&#8217;est trop petit!<\/div>\r\n\r\n<div class=\"aboutContain wow fadeInUp\" data-wow-duration=\".8s\" data-wow-delay=\".5s\"><i class=\"fa fa-check faborder\" aria-hidden=\"true\"><\/i><strong>PAS DE PRESSION,<\/strong> tactiques ou travail qui n&#8217;a pas \u00e0 \u00eatre fait<\/div>\r\n\r\n<div class=\"aboutContain wow fadeInUp\" data-wow-duration=\".8s\" data-wow-delay=\".5s\"><i class=\"fa fa-check faborder\" aria-hidden=\"true\"><\/i><strong>ESTIMATIONS JUSTES,<\/strong> parce que nous d\u00e9testons monter les prix et prolonger la dur\u00e9e d\u2019un travail<\/div>\r\n\r\n<div class=\"aboutContain wow fadeInUp\" data-wow-duration=\".8s\" data-wow-delay=\".5s\"><i class=\"fa fa-check faborder\" aria-hidden=\"true\"><\/i><strong>QUALIT\u00c9,<\/strong> toujours le meilleur service et les meilleurs mat\u00e9riaux \u00e0 un prix ABORDABLE<\/div>\r\n\r\n<div class=\"aboutContain wow fadeInUp\" data-wow-duration=\".8s\" data-wow-delay=\".5s\"><i class=\"fa fa-check faborder\" aria-hidden=\"true\"><\/i><strong>PAS DE SOUS TRAITANCE,<\/strong> le travail effectu\u00e9 par les employ\u00e9s et non sous-trait\u00e9 par des sous-traitants inconnus<\/div>\r\n\r\n<div class=\"aboutContain wow fadeInUp\" data-wow-duration=\".8s\" data-wow-delay=\".5s\"><i class=\"fa fa-check faborder\" aria-hidden=\"true\"><\/i><strong>PROPRE,<\/strong> nous nettoyons donc vous ne saurez jamais que nous \u00e9tions l\u00e0<\/div>\r\n\r\n<div class=\"aboutContain wow fadeInUp\" data-wow-duration=\".8s\" data-wow-delay=\".5s\"><i class=\"fa fa-check faborder\" aria-hidden=\"true\"><\/i><strong>SERVIABLE,<\/strong> peut travailler avec le propri\u00e9taire pour aider \u00e0 r\u00e9duire les co\u00fbts<\/div>\r\n\r\n<a name=\"go-to\"><\/a>\r\n<div style=\"height: 25px; clear: both;\"><\/div>\r\n\r\n<img decoding=\"async\" class=\"wow fadeInUp\" data-wow-duration=\".8s\" data-wow-delay=\".6s\" src=\"https:\/\/handymananddesigns.com\/wp-content\/uploads\/2019\/line-extra.jpg\" border=\"0\" style=\"width: 100%; margin-bottom: 30px;\">\r\n\r\n<div style=\"width: 100%; margin: 0 auto;\">\r\n<h3 class=\"wow fadeInUp\" data-wow-duration=\".8s\" data-wow-delay=\".6s\" style=\"margin: 1px 0 0; display: inline-table; line-height: 30px;\"><a class=\"pageTop\" href=\"#page-top\" style=\"line-height: normal; padding-top: 6px;\">TOP<\/a>La Solution Id\u00e9ale<\/h3>\r\n<p class=\"wow fadeInUp\" data-wow-duration=\".8s\" data-wow-delay=\".7s\" style=\"margin-top: 10px;\"><strong>Avec une vari\u00e9t\u00e9 de comp\u00e9tences pour tous les types de travail,<\/strong> nous sommes devenus la solution id\u00e9ale pour les propri\u00e9taires et les propri\u00e9taires d&#8217;entreprise qui ont besoin de main-d&#8217;\u0153uvre qualifi\u00e9e et de fiabilit\u00e9 pour faire avancer les choses. Nous sommes heureux d&#8217;aider les gestionnaires d&#8217;immeubles \u00e0 r\u00e9pondre aux exigences de location ou aux besoins de maintenance de leurs clients. Et nous sommes \u00e9galement l\u00e0 pour aider les entreprises avec des petits travaux et travaux de conception que personne d&#8217;autre n&#8217;est enthousiaste ou capable de faire. Chez <em>HandymanAndDesigns.com,<\/em> nous n&#8217;aimons rien de mieux que de donner vie \u00e0 vos visions et \u00e0 votre cr\u00e9ativit\u00e9!<\/p>\r\n<\/div>\r\n<div style=\"height: 35px; clear: both;\"><\/div>\r\n<\/div>\r\n<\/div>\r\n<\/div>","protected":false},"excerpt":{"rendered":"\u00c0 propos du Menu \u00a0 \u00c0 propos de nous \u00a0 Les Raisons de nous Engager \u00a0 La Solution Id\u00e9ale TOPLa solution honn\u00eate et fiable pour tous vos besoins de cr\u00e9ation, de r\u00e9paration et de maintenance! Abordable, amical, d\u00e9vou\u00e9, fiable &#8230; et tout \u00e7a fait de mani\u00e8re excellente. Petits ou moyens projets, HandymanAndDesigns.com est Votre-Solution-Unique pour [&hellip;]","protected":false},"author":1,"featured_media":0,"parent":0,"menu_order":2,"comment_status":"closed","ping_status":"open","template":"fullwidth.php","meta":{"footnotes":""},"class_list":["post-2","page","type-page","status-publish","hentry"],"translation":{"provider":"WPGlobus","version":"3.0.0","language":"fr","enabled_languages":["en","fr"],"languages":{"en":{"title":true,"content":true,"excerpt":false},"fr":{"title":true,"content":true,"excerpt":false}}},"yoast_head":"<!-- This site is optimized with the Yoast SEO plugin v26.4 - https:\/\/yoast.com\/wordpress\/plugins\/seo\/ -->\n<title>\u00c0 propos | Handyman And Designs<\/title>\n<meta name=\"robots\" content=\"index, follow, max-snippet:-1, max-image-preview:large, max-video-preview:-1\" \/>\n<link rel=\"canonical\" href=\"https:\/\/handymananddesigns.com\/about\" \/>\n<meta property=\"og:locale\" content=\"fr_FR\" \/>\n<meta property=\"og:type\" content=\"article\" \/>\n<meta property=\"og:title\" content=\"\u00c0 propos | Handyman And Designs\" \/>\n<meta property=\"og:url\" content=\"https:\/\/handymananddesigns.com\/about\" \/>\n<meta property=\"og:site_name\" content=\"Handyman And Designs\" \/>\n<meta property=\"article:publisher\" content=\"https:\/\/www.facebook.com\/HandymanAndDesignscom-1917753401876321\" \/>\n<meta property=\"article:modified_time\" content=\"2021-06-25T19:46:57+00:00\" \/>\n<meta property=\"og:image\" content=\"https:\/\/handymananddesigns.com\/wp-content\/uploads\/2017\/05\/head-about-fr.png\" \/>\n<meta name=\"twitter:card\" content=\"summary_large_image\" \/>\n<meta name=\"twitter:label1\" content=\"Est. reading time\" \/>\n\t<meta name=\"twitter:data1\" content=\"4 minutes\" \/>\n<script type=\"application\/ld+json\" class=\"yoast-schema-graph\">{\"@context\":\"https:\/\/schema.org\",\"@graph\":[{\"@type\":\"WebPage\",\"@id\":\"https:\/\/handymananddesigns.com\/about\",\"url\":\"https:\/\/handymananddesigns.com\/about\",\"name\":\"\u00c0 propos | Handyman And Designs\",\"isPartOf\":{\"@id\":\"https:\/\/handymananddesigns.com\/#website\"},\"primaryImageOfPage\":{\"@id\":\"https:\/\/handymananddesigns.com\/about#primaryimage\"},\"image\":{\"@id\":\"https:\/\/handymananddesigns.com\/about#primaryimage\"},\"thumbnailUrl\":\"https:\/\/handymananddesigns.com\/wp-content\/uploads\/2017\/05\/head-about-fr.png\",\"datePublished\":\"2017-05-12T20:10:20+00:00\",\"dateModified\":\"2021-06-25T19:46:57+00:00\",\"description\":\"About Us? Affordable, friendly, dedicated, dependable... it is all done with excellent workmanship. Small or medium sized projects, Handyman and Designs is your One-Stop-Solution for all your home or commercial repairs, assembly, or graphic design needs.\",\"breadcrumb\":{\"@id\":\"https:\/\/handymananddesigns.com\/about#breadcrumb\"},\"inLanguage\":\"fr-FR\",\"potentialAction\":[{\"@type\":\"ReadAction\",\"target\":[\"https:\/\/handymananddesigns.com\/about\"]}]},{\"@type\":\"ImageObject\",\"inLanguage\":\"fr-FR\",\"@id\":\"https:\/\/handymananddesigns.com\/about#primaryimage\",\"url\":\"https:\/\/handymananddesigns.com\/wp-content\/uploads\/2017\/05\/head-about-fr.png\",\"contentUrl\":\"https:\/\/handymananddesigns.com\/wp-content\/uploads\/2017\/05\/head-about-fr.png\"},{\"@type\":\"BreadcrumbList\",\"@id\":\"https:\/\/handymananddesigns.com\/about#breadcrumb\",\"itemListElement\":[{\"@type\":\"ListItem\",\"position\":1,\"name\":\"Accueil\",\"item\":\"https:\/\/handymananddesigns.com\/\"},{\"@type\":\"ListItem\",\"position\":2,\"name\":\"About\"}]},{\"@type\":\"WebSite\",\"@id\":\"https:\/\/handymananddesigns.com\/#website\",\"url\":\"https:\/\/handymananddesigns.com\/\",\"name\":\"Handyman And Designs\",\"description\":\"Petits et moyens boulots et conceptions!\",\"potentialAction\":[{\"@type\":\"SearchAction\",\"target\":{\"@type\":\"EntryPoint\",\"urlTemplate\":\"https:\/\/handymananddesigns.com\/?s={search_term_string}\"},\"query-input\":{\"@type\":\"PropertyValueSpecification\",\"valueRequired\":true,\"valueName\":\"search_term_string\"}}],\"inLanguage\":\"fr-FR\"}]}<\/script>\n<!-- \/ Yoast SEO plugin. -->","yoast_head_json":{"title":"\u00c0 propos | Handyman And Designs","robots":{"index":"index","follow":"follow","max-snippet":"max-snippet:-1","max-image-preview":"max-image-preview:large","max-video-preview":"max-video-preview:-1"},"canonical":"https:\/\/handymananddesigns.com\/about","og_locale":"fr_FR","og_type":"article","og_title":"\u00c0 propos | Handyman And Designs","og_url":"https:\/\/handymananddesigns.com\/about","og_site_name":"Handyman And Designs","article_publisher":"https:\/\/www.facebook.com\/HandymanAndDesignscom-1917753401876321","article_modified_time":"2021-06-25T19:46:57+00:00","og_image":[{"url":"https:\/\/handymananddesigns.com\/wp-content\/uploads\/2017\/05\/head-about-fr.png","type":"","width":"","height":""}],"twitter_card":"summary_large_image","twitter_misc":{"Est. reading time":"4 minutes"},"schema":{"@context":"https:\/\/schema.org","@graph":[{"@type":"WebPage","@id":"https:\/\/handymananddesigns.com\/about","url":"https:\/\/handymananddesigns.com\/about","name":"\u00c0 propos | Handyman And Designs","isPartOf":{"@id":"https:\/\/handymananddesigns.com\/#website"},"primaryImageOfPage":{"@id":"https:\/\/handymananddesigns.com\/about#primaryimage"},"image":{"@id":"https:\/\/handymananddesigns.com\/about#primaryimage"},"thumbnailUrl":"https:\/\/handymananddesigns.com\/wp-content\/uploads\/2017\/05\/head-about-fr.png","datePublished":"2017-05-12T20:10:20+00:00","dateModified":"2021-06-25T19:46:57+00:00","description":"About Us? Affordable, friendly, dedicated, dependable... it is all done with excellent workmanship. Small or medium sized projects, Handyman and Designs is your One-Stop-Solution for all your home or commercial repairs, assembly, or graphic design needs.","breadcrumb":{"@id":"https:\/\/handymananddesigns.com\/about#breadcrumb"},"inLanguage":"fr-FR","potentialAction":[{"@type":"ReadAction","target":["https:\/\/handymananddesigns.com\/about"]}]},{"@type":"ImageObject","inLanguage":"fr-FR","@id":"https:\/\/handymananddesigns.com\/about#primaryimage","url":"https:\/\/handymananddesigns.com\/wp-content\/uploads\/2017\/05\/head-about-fr.png","contentUrl":"https:\/\/handymananddesigns.com\/wp-content\/uploads\/2017\/05\/head-about-fr.png"},{"@type":"BreadcrumbList","@id":"https:\/\/handymananddesigns.com\/about#breadcrumb","itemListElement":[{"@type":"ListItem","position":1,"name":"Accueil","item":"https:\/\/handymananddesigns.com\/"},{"@type":"ListItem","position":2,"name":"About"}]},{"@type":"WebSite","@id":"https:\/\/handymananddesigns.com\/#website","url":"https:\/\/handymananddesigns.com\/","name":"Handyman And Designs","description":"Petits et moyens boulots et conceptions!","potentialAction":[{"@type":"SearchAction","target":{"@type":"EntryPoint","urlTemplate":"https:\/\/handymananddesigns.com\/?s={search_term_string}"},"query-input":{"@type":"PropertyValueSpecification","valueRequired":true,"valueName":"search_term_string"}}],"inLanguage":"fr-FR"}]}},"_links":{"self":[{"href":"https:\/\/handymananddesigns.com\/fr\/wp-json\/wp\/v2\/pages\/2","targetHints":{"allow":["GET"]}}],"collection":[{"href":"https:\/\/handymananddesigns.com\/fr\/wp-json\/wp\/v2\/pages"}],"about":[{"href":"https:\/\/handymananddesigns.com\/fr\/wp-json\/wp\/v2\/types\/page"}],"author":[{"embeddable":true,"href":"https:\/\/handymananddesigns.com\/fr\/wp-json\/wp\/v2\/users\/1"}],"replies":[{"embeddable":true,"href":"https:\/\/handymananddesigns.com\/fr\/wp-json\/wp\/v2\/comments?post=2"}],"version-history":[{"count":1,"href":"https:\/\/handymananddesigns.com\/fr\/wp-json\/wp\/v2\/pages\/2\/revisions"}],"predecessor-version":[{"id":9007,"href":"https:\/\/handymananddesigns.com\/fr\/wp-json\/wp\/v2\/pages\/2\/revisions\/9007"}],"wp:attachment":[{"href":"https:\/\/handymananddesigns.com\/fr\/wp-json\/wp\/v2\/media?parent=2"}],"curies":[{"name":"wp","href":"https:\/\/api.w.org\/{rel}","templated":true}]}}