{"id":36,"date":"2017-05-13T18:12:42","date_gmt":"2017-05-13T18:12:42","guid":{"rendered":"http:\/\/localhost\/?page_id=36"},"modified":"2025-01-25T09:11:03","modified_gmt":"2025-01-25T14:11:03","slug":"handyman-rates","status":"publish","type":"page","link":"https:\/\/handymananddesigns.com\/fr\/handyman-rates","title":{"rendered":"Les prix"},"content":{"rendered":"<style>\r\n.entry-content {clear: both; background: #f5f5f5; padding-bottom: 50px;}\r\n.colLeft h2 {font-weight: bold; font-size: 32px; margin: 0;}\r\n.colLeft h3 {font-weight: bold; font-size: 28px; margin: 0;}\r\n.colLeft h4 {font-size: 24px; font-weight: bold; margin: 20px 0 0;}\r\n.colLeft p {margin: 10px 0 0!important;}\r\n.colLeft ul {margin: 15px 0 0 30px; padding: 0;}\r\n.colLeft ul li {margin-bottom: 15px;}\r\n\r\n.menuHeader {background: #fa9d1c; width: 100%; padding: 15px 0; color: #000; border-radius: 5px; font-family: sans-serif; font-weight: 900; letter-spacing: -.5px;}\r\n.menuHeader p {padding: 0 0 0 30px; margin: 0; font-size: 20px;}\r\n.menuParent i {float: left; display: inline; height: 28px; line-height: 25px; width: 15px;}\r\n.menuTitle a {font-size: 24px; padding-left: 20px!important;}\r\n.menuTitle a:hover {font-size: 24px; }\r\n.menuChild a {padding-left: 35px!important; font-weight: normal;}\r\n.menuChild a:hover {}\r\n.menuChild i {float: left; display: inline; height: 28px; line-height: 25px; width: 15px; font-size: 10px;}\r\n\r\n.featContain {\r\n    width: 100%;\r\n    margin: 0 auto 30px;\r\n    padding: 27px 45px 30px 45px;\r\n    border: 5px #fa9d1c solid;\r\n    border-radius: 10px;\r\n    position: relative;\r\n    box-sizing: border-box;\r\n}\r\n.colRight ul {\r\n    list-style-type: none;\r\n    margin: 15px 0 0;\r\n    padding: 15px 0 20px;\r\n    background-color: #d9d9d9;\r\n    border-radius: 5px;\r\n    opacity: .8;\r\n}\r\n.colRight ul li a {\r\n    padding: 5px 0 5px 20px;\r\n    display: block;\r\n    width: 100%;\r\n    color: #000;\r\n    transition: all 0.1s ease-out;\r\n    -moz-transition: all 0.1s ease-out;\r\n    -webkit-transition: all 0.1s ease-out;\r\n    -o-transition: all 0.1s ease-out;\r\n}\r\n.colRight ul li a:hover, .colRight ul li.active{color: #000; background-color: #fa9d1c;}\r\n\r\n\r\n.pageFluid {width: 100%; padding-right: 15px; padding-left: 15px; margin-right: auto; margin-left: auto;}\r\n.pageRow {\r\n    max-width: 1310px; width: 100%; margin: 20px auto 0;\r\n    display: -webkit-box;\r\n    display: -ms-flexbox;\r\n    display: flex;\r\n    -ms-flex-wrap: wrap;\r\n    flex-wrap: wrap;\r\n}\r\n.pageCol {\r\n    -ms-flex-preferred-size: 0;\r\n    flex-basis: 0;\r\n    -webkit-box-flex: 1;\r\n    -ms-flex-positive: 1;\r\n    flex-grow: 1;\r\n    max-width: 100%;\r\n}\r\n.colLeft {padding: 0 25px;}\r\n.colRight {\r\n    -ms-flex: 0 0 300px;\r\n    flex: 0 0 300px;\r\n}\r\n.boxLeft {float: left; width: 16.66666667%; padding: 0 15px 0 0; min-height: 1px; position: relative;}\r\n.boxRight {float: left; width: 83.33333333%; position: relative; min-height: 1px; padding-left: 15px;}\r\n\r\n@media (max-width: 690px) {\r\n   .colRight {display: none;}\r\n   .boxLeft {display: none;}\r\n   .boxRight {width: 100%;}\r\n   .colLeft {padding: 0;}\r\n}\r\n#navigation_box_container.affix {\r\n    top: 25px;\r\n}\r\n<\/style>\r\n\r\n<div id=\"rates\" style=\"height: 1px; clear: both; background: #f5f5f5;\"><\/div>\r\n<div style=\"background: url(https:\/\/handymananddesigns.com\/wp-content\/uploads\/line-1.gif) repeat-x center;\">\r\n   <div style=\"text-align: center; width: 100%;\"><img loading=\"lazy\" decoding=\"async\" style=\"max-width: 373px; width: 90%; margin: 20px auto 30px; display: block;\" src=\"https:\/\/handymananddesigns.com\/wp-content\/uploads\/2019\/head-rates-en.png\" border=\"0\" alt=\"Handyman Service Rates Icon\" width=\"373\" height=\"135\"\/>\r\n   <\/div> \r\n<\/div>\r\n\r\n<div class=\"pageFluid\">\r\n<div class=\"pageRow\">\r\n\r\n\r\n<!-- Left Column -->\r\n<div class=\"pageCol colLeft\">\r\n <div class=\"featContain\">\r\n      <h2 id=\"flat-rate\">Tarifs et Frais de Handyman<\/h2>\r\n      <p>Les tarifs de Handyman sont fournis sur une base de <a href=\"#flat-rate\">Forfait<\/a> ou <a href=\"#hourly-rate\">Horaire<\/a>. Cependant, puisque tous les travaux diff\u00e8rent de nombreuses mani\u00e8res, nous vous recommandons de nous contacter par t\u00e9l\u00e9phone ou via notre <a href=\"https:\/\/handymananddesigns.com\/fr\/contact\">Formulaire de Contact Handyman<\/a> pour discuter de votre\/vos projet(s) en d\u00e9tail. Chez <i>Handyman et Dessins,<\/i> nous nous effor\u00e7ons de faire de votre exp\u00e9rience avec nous un plaisir. \u00c0 ce titre, nous respectons votre budget et essayons de proposer d&#8217;excellents tarifs horaires ou forfaitaires pour accommoder votre projet du mieux que nous pouvons.<\/p>\r\n      <p><b>Les avantages les plus significatifs lorsque vous travaillez avec nous :<\/b><\/p>\r\n      <ul>\r\n         <li>Aucune majoration sur les prix des mat\u00e9riaux. Vous payez ce que nous payons !<\/li>\r\n         <li>Pas de frais suppl\u00e9mentaires pour les soir\u00e9es, les week-ends ou les jours f\u00e9ri\u00e9s !<\/li>\r\n         <li>Devis gratuits par e-mail pour tous les travaux !<\/li>\r\n      <\/ul>\r\n   <\/div>\r\n\r\n   <img loading=\"lazy\" decoding=\"async\" src=\"https:\/\/handymananddesigns.com\/wp-content\/uploads\/line-extra.gif\" alt=\"En-t\u00eate de ligne orange\" width=\"872\" height=\"73\" border=\"0\" style=\"width: 100%;\">\r\n   <div class=\"rateSpacer\"><\/div>\r\n\r\n      <div class=\"boxLeft\"><img loading=\"lazy\" decoding=\"async\" src=\"https:\/\/handymananddesigns.com\/wp-content\/uploads\/2019\/icon-rate-2.jpg\" border=\"0\" style=\"width: 100%; max-width: 194px;\" alt=\"Ic\u00f4ne de devis de service forfaitaire Handyman\" width=\"145\" height=\"145\"><\/div>\r\n   <div class=\"boxRight\">\r\n      <h3 id=\"hourly-rate-1\">Devis de service forfaitaire Handyman<\/h3>\r\n      <h4>Pourquoi un devis de service forfaitaire ?<\/h4>\r\n      <p>Un <b>Service forfaitaire Handyman<\/b> est un service qui fournit un prix pour le <i>projet entier,<\/i> pas seulement pour un travail sp\u00e9cifique. Cela rend plus facile pour le client de <i>budgeter et planifier leur projet.<\/i><\/p>\r\n      <p>Les devis forfaitaires ont gagn\u00e9 en popularit\u00e9 au fil des ann\u00e9es car ils sont plus abordables que d&#8217;autres services. Ils sont \u00e9galement en mesure de fournir aux clients une estimation d\u00e9taill\u00e9e du temps et de l&#8217;argent qui seront d\u00e9pens\u00e9s pour leur projet.<\/p>\r\n      <h4 id=\"hourly-rate-2\">Signification du devis de service forfaitaire<\/h4>\r\n      <p>En substance, le service forfaitaire signifie \u201cCe qui vous est propos\u00e9 est exactement ce que vous payez.\u201d Ce service est b\u00e9n\u00e9fique pour ceux qui ont repouss\u00e9 les r\u00e9parations et les am\u00e9liorations de leur maison pendant longtemps. Il peut \u00eatre difficile d&#8217;obtenir des estimations de diff\u00e9rents entrepreneurs car ils ont tous des tarifs diff\u00e9rents. Avec un <i>Devis de service forfaitaire Handyman,<\/i> vous savez exactement combien vous allez payer \u00e0 l&#8217;avance et surtout, ce que le travail <i>includera.<\/i><\/p>\r\n\r\n      <p>Nous vous offrons divers \u201cForfaits\u201d pour de nombreux projets ou un seul devis forfaitaire pour toute votre liste de t\u00e2ches. Nos forfaits sont comp\u00e9titifs, et vous trouverez le co\u00fbt final \u00e0 \u00eatre dans votre budget. Notre objectif est de vous faire commencer votre projet le plus facilement possible.<\/p>\r\n      <h4 id=\"hourly-rate-3\">Notes suppl\u00e9mentaires :<\/h4>\r\n      <ul>\r\n         <li><b>Dur\u00e9e du devis<\/b> \r\n         <br>Tous les devis forfaitaires sont valables pendant 3 mois.<\/li>\r\n         <li><b>Parking et\/ou mat\u00e9riaux<\/b> \r\n         <br>Les co\u00fbts de parking et\/ou de mat\u00e9riaux sont inclus dans tous les devis forfaitaires.<\/li>\r\n         <li><b>Frais de mat\u00e9riel et de manutention : 60,00$ \/voyage<\/b> \r\n         <br>Tous les devis forfaitaires incluent les frais de mat\u00e9riel et de manutention pour la prise en charge, la pr\u00e9paration et la livraison des fournitures et mat\u00e9riaux n\u00e9cessaires pour votre\/vos projet(s).<\/li>\r\n      <\/ul>\r\n   <\/div>\r\n\r\n\r\n\r\n<!-- Tarif horaire -->\r\n   <div class=\"rateSpacer\"><\/div>\r\n   <div class=\"boxLeft\"><img loading=\"lazy\" decoding=\"async\" src=\"https:\/\/handymananddesigns.com\/wp-content\/uploads\/2019\/icon-rate-1.jpg\" border=\"0\" style=\"width: 100%; max-width: 194px;\" alt=\"Ic\u00f4ne de service de tarif horaire Handyman\" width=\"145\" height=\"145\"><\/div>\r\n   <div class=\"boxRight\">\r\n      <h3 id=\"hourly-rate-4\">Tarif horaire<\/h3>\r\n      <p>Une autre solution est notre tarif horaire de 60$\/heure et un minimum de 2 heures. Les tarifs horaires sont les meilleurs pour les travaux n\u00e9cessitant plus de 2 heures. Exemples: aider \u00e0 d\u00e9construire des meubles et des fixations murales avant un d\u00e9m\u00e9nagement majeur, une paire de mains suppl\u00e9mentaire pour un travail difficile, aider \u00e0 assembler de nombreux meubles, aider au paysagisme, etc.<\/p>\r\n      <p><b>Les frais suppl\u00e9mentaires suivants peuvent s&#8217;appliquer :<\/b><\/p>\r\n      <ul>\r\n         <li><b>Frais de mat\u00e9riel et de manutention : 60,00$ \/voyage<\/b>\r\n          <br>Un frais de mat\u00e9riel et de manutention s&#8217;applique pour chaque prise en charge, pr\u00e9paration, et livraison de fournitures et mat\u00e9riaux n\u00e9cessaires pour votre\/vos projet(s), tels que bois, rampes, panneaux de gypse, rev\u00eatements de sol, etc. Chaque voyage suppl\u00e9mentaire apr\u00e8s le premier engendre des frais de service suppl\u00e9mentaires.<\/li>\r\n         <li><b>Parking et\/ou mat\u00e9riaux<\/b>\r\n          <br>Les frais de parking et tous les mat\u00e9riaux que nous devons acheter pour compl\u00e9ter votre projet sont ajout\u00e9s au tarif horaire de base de 60$\/heure.<\/li>\r\n      <\/ul>\r\n   <\/div>\r\n\r\n\r\n\r\n   <div class=\"rateSpacer\"><\/div>\r\n   <div class=\"boxLeft\"><img loading=\"lazy\" decoding=\"async\" src=\"https:\/\/handymananddesigns.com\/wp-content\/uploads\/2019\/icon-rate-3.jpg\" border=\"0\" style=\"width: 100%; max-width: 194px;\" alt=\"Ic\u00f4ne des tarifs de service commercial Handyman\" width=\"145\" height=\"145\"><\/div>\r\n   <div class=\"boxRight\">\r\n\r\n\r\n\r\n<!-- Services commerciaux -->\r\n<h3 id=\"commercial\">Services commerciaux<\/h3>\r\n<p>Pour une estimation de votre\/vos projet(s) commercial(aux), veuillez nous transmettre une ou deux photographies, accompagn\u00e9es d&#8217;une br\u00e8ve description du travail requis, ainsi que votre d\u00e9lai souhait\u00e9 pour l&#8217;ach\u00e8vement.<\/p>\r\n<p>Les informations d\u00e9taill\u00e9es nous permettent de d\u00e9terminer rapidement ce qui est n\u00e9cessaire, de fournir une estimation pr\u00e9cise et de commencer le travail le plus rapidement possible. Essentiellement, plus vous fournissez d&#8217;informations via notre <a href=\"https:\/\/handymananddesigns.com\/fr\/contact\">Formulaire de contact du bricoleur<\/a>, plus nous pouvons r\u00e9pondre rapidement et efficacement \u00e0 vos besoins.<\/p>\r\n   <\/div>\r\n\r\n\r\n\r\n\r\n\r\n<!-- Paiements -->\r\n   <div class=\"rateSpacer\"><\/div>\r\n   <div class=\"boxLeft\"><img loading=\"lazy\" decoding=\"async\" src=\"https:\/\/handymananddesigns.com\/wp-content\/uploads\/2019\/icon-rate-5.jpg\" border=\"0\" style=\"width: 100%; max-width: 194px;\" alt=\"Ic\u00f4ne Paiements Accept\u00e9s\" width=\"145\" height=\"145\"><\/div>\r\n   <div class=\"boxRight\">\r\n      <h3 id=\"payment\">Paiement<\/h3>\r\n      <p>Nous acceptons avec plaisir une vari\u00e9t\u00e9 de modes de paiement afin de rendre les transactions aussi simples que possible pour nos clients. Cela inclut toutes les principales cartes de cr\u00e9dit, l&#8217;argent comptant et les virements Interac. Que vous pr\u00e9f\u00e9riez la s\u00e9curit\u00e9 des transferts \u00e9lectroniques ou la flexibilit\u00e9 des cartes de cr\u00e9dit, nous avons ce qu\u2019il vous faut.<\/p>\r\n      <p>Le paiement int\u00e9gral de votre projet est d\u00fb \u00e0 son ach\u00e8vement. Pour les projets d\u00e9passant 500$, nous exigeons un d\u00e9p\u00f4t de 25% du montant total cit\u00e9 avant que le travail ne commence. Selon la dur\u00e9e de votre projet, des paiements \u00e9chelonn\u00e9s hebdomadaires peuvent \u00e9galement \u00eatre arrang\u00e9s. Cette structure de paiement assure un flux de travail lisse et ininterrompu, nous permettant de nous concentrer sur la livraison du meilleur service.<\/p>\r\n   <\/div>\r\n<div class=\"rateSpacer\"><\/div><div class=\"rateSpacer\"><\/div>\r\n<\/div><!-- Fin ColLeft -->\r\n\r\n\r\n<!-- Colonne de Droite -->\r\n<div class=\"pageCol colRight rlt-scroll-div\">\r\n<div id=\"navigation_box_container\" class=\"navigation-box-container\">\r\n   <div class=\"menuHeader\"><p>Menu des Tarifs<\/p><\/div>\r\n<nav>\r\n   <ul id=\"scroll-navigation\">\r\n      <li class=\"menuTitle\"><a href=\"#rates\">Tarifs et Frais de Handyman<\/a><\/li>\r\n      <li class=\"menuParent\"><a href=\"#flat-rate\"><i class=\"fa fa-caret-right\" aria-hidden=\"true\"><\/i>Devis de Service \u00e0 Tarif Fixe du Bricoleur<\/a><\/li>\r\n      <li class=\"menuChild\"><a href=\"#hourly-rate-1\"><i class=\"fa fa-circle-o\" aria-hidden=\"true\"><\/i>Pourquoi un Devis de Service \u00e0 Tarif Fixe ?<\/a><\/li>\r\n      <li class=\"menuChild\"><a href=\"#hourly-rate-2\"><i class=\"fa fa-circle-o\" aria-hidden=\"true\"><\/i>Sens du Devis de Service \u00e0 Tarif Fixe<\/a><\/li>\r\n      <li class=\"menuChild\"><a href=\"#hourly-rate-3\"><i class=\"fa fa-circle-o\" aria-hidden=\"true\"><\/i>Notes Suppl\u00e9mentaires<\/a><\/li>\r\n      <li class=\"menuParent\"><a href=\"#hourly-rate-4\"><i class=\"fa fa-caret-right\" aria-hidden=\"true\"><\/i>Tarif Horaire<\/a><\/li>\r\n      \r\n      <li class=\"menuParent\"><a href=\"#commercial\"><i class=\"fa fa-caret-right\" aria-hidden=\"true\"><\/i>Services Commerciaux<\/a><\/li>\r\n      <li class=\"menuParent\"><a href=\"#payment\"><i class=\"fa fa-caret-right\" aria-hidden=\"true\"><\/i>Paiement<\/a><\/li>\r\n   <\/ul>\r\n<\/nav>\r\n<\/div>\r\n\r\n<\/div>\r\n\r\n\r\n\r\n\r\n\r\n<\/div><!-- End pageRow -->\r\n<\/div><!-- End pageFluid -->\r\n<div id=\"affixEnd\" style=\"height: 10px; width: 100%; display: block;\"><\/div>\r\n","protected":false},"excerpt":{"rendered":"Tarifs et Frais de Handyman Les tarifs de Handyman sont fournis sur une base de Forfait ou Horaire. Cependant, puisque tous les travaux diff\u00e8rent de nombreuses mani\u00e8res, nous vous recommandons de nous contacter par t\u00e9l\u00e9phone ou via notre Formulaire de Contact Handyman pour discuter de votre\/vos projet(s) en d\u00e9tail. Chez Handyman et Dessins, nous nous [&hellip;]","protected":false},"author":1,"featured_media":0,"parent":0,"menu_order":5,"comment_status":"closed","ping_status":"closed","template":"fullwidth.php","meta":{"footnotes":""},"class_list":["post-36","page","type-page","status-publish","hentry"],"translation":{"provider":"WPGlobus","version":"3.0.0","language":"fr","enabled_languages":["en","fr"],"languages":{"en":{"title":true,"content":true,"excerpt":false},"fr":{"title":true,"content":true,"excerpt":false}}},"yoast_head":"<!-- This site is optimized with the Yoast SEO plugin v26.4 - https:\/\/yoast.com\/wordpress\/plugins\/seo\/ -->\n<title>Flat Rates and Hourly Rates\/Fees - Handyman And Designs<\/title>\n<meta name=\"robots\" content=\"index, follow, max-snippet:-1, max-image-preview:large, max-video-preview:-1\" \/>\n<link rel=\"canonical\" href=\"https:\/\/handymananddesigns.com\/handyman-rates\" \/>\n<meta property=\"og:locale\" content=\"fr_FR\" \/>\n<meta property=\"og:type\" content=\"article\" \/>\n<meta property=\"og:title\" content=\"Flat Rates and Hourly Rates\/Fees - Handyman And Designs\" \/>\n<meta property=\"og:description\" content=\"Handyman Rates are provided on a Flat Rate or Hourly basis. Since all jobs differ in so many ways, contact us today for additional info.\" \/>\n<meta property=\"og:url\" content=\"https:\/\/handymananddesigns.com\/handyman-rates\" \/>\n<meta property=\"og:site_name\" content=\"Handyman And Designs\" \/>\n<meta property=\"article:publisher\" content=\"https:\/\/www.facebook.com\/HandymanAndDesignscom-1917753401876321\" \/>\n<meta property=\"article:modified_time\" content=\"2025-01-25T14:11:03+00:00\" \/>\n<meta property=\"og:image\" content=\"https:\/\/handymananddesigns.com\/wp-content\/uploads\/2019\/head-rates-en.png\" \/>\n<meta name=\"twitter:card\" content=\"summary_large_image\" \/>\n<meta name=\"twitter:title\" content=\"Flat Rates and Hourly Rates\/Fees - Handyman And Designs\" \/>\n<meta name=\"twitter:description\" content=\"Handyman Rates are provided on a Flat Rate or Hourly basis. Since all jobs differ in so many ways, contact us today for additional info.\" \/>\n<meta name=\"twitter:label1\" content=\"Est. reading time\" \/>\n\t<meta name=\"twitter:data1\" content=\"8 minutes\" \/>\n<script type=\"application\/ld+json\" class=\"yoast-schema-graph\">{\"@context\":\"https:\/\/schema.org\",\"@graph\":[{\"@type\":\"WebPage\",\"@id\":\"https:\/\/handymananddesigns.com\/handyman-rates\",\"url\":\"https:\/\/handymananddesigns.com\/handyman-rates\",\"name\":\"Flat Rates and Hourly Rates\/Fees - Handyman And Designs\",\"isPartOf\":{\"@id\":\"https:\/\/handymananddesigns.com\/#website\"},\"primaryImageOfPage\":{\"@id\":\"https:\/\/handymananddesigns.com\/handyman-rates#primaryimage\"},\"image\":{\"@id\":\"https:\/\/handymananddesigns.com\/handyman-rates#primaryimage\"},\"thumbnailUrl\":\"https:\/\/handymananddesigns.com\/wp-content\/uploads\/2019\/head-rates-en.png\",\"datePublished\":\"2017-05-13T18:12:42+00:00\",\"dateModified\":\"2025-01-25T14:11:03+00:00\",\"description\":\"Handyman Rates are provided on a Flat Rate or Hourly basis. Since all jobs differ in so many ways, contact us today for additional info.\",\"breadcrumb\":{\"@id\":\"https:\/\/handymananddesigns.com\/handyman-rates#breadcrumb\"},\"inLanguage\":\"fr-FR\",\"potentialAction\":[{\"@type\":\"ReadAction\",\"target\":[\"https:\/\/handymananddesigns.com\/handyman-rates\"]}]},{\"@type\":\"ImageObject\",\"inLanguage\":\"fr-FR\",\"@id\":\"https:\/\/handymananddesigns.com\/handyman-rates#primaryimage\",\"url\":\"https:\/\/handymananddesigns.com\/wp-content\/uploads\/2019\/head-rates-en.png\",\"contentUrl\":\"https:\/\/handymananddesigns.com\/wp-content\/uploads\/2019\/head-rates-en.png\"},{\"@type\":\"BreadcrumbList\",\"@id\":\"https:\/\/handymananddesigns.com\/handyman-rates#breadcrumb\",\"itemListElement\":[{\"@type\":\"ListItem\",\"position\":1,\"name\":\"Accueil\",\"item\":\"https:\/\/handymananddesigns.com\/\"},{\"@type\":\"ListItem\",\"position\":2,\"name\":\"Handyman Rates\"}]},{\"@type\":\"WebSite\",\"@id\":\"https:\/\/handymananddesigns.com\/#website\",\"url\":\"https:\/\/handymananddesigns.com\/\",\"name\":\"Handyman And Designs\",\"description\":\"Petits et moyens boulots et conceptions!\",\"potentialAction\":[{\"@type\":\"SearchAction\",\"target\":{\"@type\":\"EntryPoint\",\"urlTemplate\":\"https:\/\/handymananddesigns.com\/?s={search_term_string}\"},\"query-input\":{\"@type\":\"PropertyValueSpecification\",\"valueRequired\":true,\"valueName\":\"search_term_string\"}}],\"inLanguage\":\"fr-FR\"}]}<\/script>\n<!-- \/ Yoast SEO plugin. -->","yoast_head_json":{"title":"Flat Rates and Hourly Rates\/Fees - Handyman And Designs","robots":{"index":"index","follow":"follow","max-snippet":"max-snippet:-1","max-image-preview":"max-image-preview:large","max-video-preview":"max-video-preview:-1"},"canonical":"https:\/\/handymananddesigns.com\/handyman-rates","og_locale":"fr_FR","og_type":"article","og_title":"Flat Rates and Hourly Rates\/Fees - Handyman And Designs","og_description":"Handyman Rates are provided on a Flat Rate or Hourly basis. Since all jobs differ in so many ways, contact us today for additional info.","og_url":"https:\/\/handymananddesigns.com\/handyman-rates","og_site_name":"Handyman And Designs","article_publisher":"https:\/\/www.facebook.com\/HandymanAndDesignscom-1917753401876321","article_modified_time":"2025-01-25T14:11:03+00:00","og_image":[{"url":"https:\/\/handymananddesigns.com\/wp-content\/uploads\/2019\/head-rates-en.png","type":"","width":"","height":""}],"twitter_card":"summary_large_image","twitter_title":"Flat Rates and Hourly Rates\/Fees - Handyman And Designs","twitter_description":"Handyman Rates are provided on a Flat Rate or Hourly basis. Since all jobs differ in so many ways, contact us today for additional info.","twitter_misc":{"Est. reading time":"8 minutes"},"schema":{"@context":"https:\/\/schema.org","@graph":[{"@type":"WebPage","@id":"https:\/\/handymananddesigns.com\/handyman-rates","url":"https:\/\/handymananddesigns.com\/handyman-rates","name":"Flat Rates and Hourly Rates\/Fees - Handyman And Designs","isPartOf":{"@id":"https:\/\/handymananddesigns.com\/#website"},"primaryImageOfPage":{"@id":"https:\/\/handymananddesigns.com\/handyman-rates#primaryimage"},"image":{"@id":"https:\/\/handymananddesigns.com\/handyman-rates#primaryimage"},"thumbnailUrl":"https:\/\/handymananddesigns.com\/wp-content\/uploads\/2019\/head-rates-en.png","datePublished":"2017-05-13T18:12:42+00:00","dateModified":"2025-01-25T14:11:03+00:00","description":"Handyman Rates are provided on a Flat Rate or Hourly basis. Since all jobs differ in so many ways, contact us today for additional info.","breadcrumb":{"@id":"https:\/\/handymananddesigns.com\/handyman-rates#breadcrumb"},"inLanguage":"fr-FR","potentialAction":[{"@type":"ReadAction","target":["https:\/\/handymananddesigns.com\/handyman-rates"]}]},{"@type":"ImageObject","inLanguage":"fr-FR","@id":"https:\/\/handymananddesigns.com\/handyman-rates#primaryimage","url":"https:\/\/handymananddesigns.com\/wp-content\/uploads\/2019\/head-rates-en.png","contentUrl":"https:\/\/handymananddesigns.com\/wp-content\/uploads\/2019\/head-rates-en.png"},{"@type":"BreadcrumbList","@id":"https:\/\/handymananddesigns.com\/handyman-rates#breadcrumb","itemListElement":[{"@type":"ListItem","position":1,"name":"Accueil","item":"https:\/\/handymananddesigns.com\/"},{"@type":"ListItem","position":2,"name":"Handyman Rates"}]},{"@type":"WebSite","@id":"https:\/\/handymananddesigns.com\/#website","url":"https:\/\/handymananddesigns.com\/","name":"Handyman And Designs","description":"Petits et moyens boulots et conceptions!","potentialAction":[{"@type":"SearchAction","target":{"@type":"EntryPoint","urlTemplate":"https:\/\/handymananddesigns.com\/?s={search_term_string}"},"query-input":{"@type":"PropertyValueSpecification","valueRequired":true,"valueName":"search_term_string"}}],"inLanguage":"fr-FR"}]}},"_links":{"self":[{"href":"https:\/\/handymananddesigns.com\/fr\/wp-json\/wp\/v2\/pages\/36","targetHints":{"allow":["GET"]}}],"collection":[{"href":"https:\/\/handymananddesigns.com\/fr\/wp-json\/wp\/v2\/pages"}],"about":[{"href":"https:\/\/handymananddesigns.com\/fr\/wp-json\/wp\/v2\/types\/page"}],"author":[{"embeddable":true,"href":"https:\/\/handymananddesigns.com\/fr\/wp-json\/wp\/v2\/users\/1"}],"replies":[{"embeddable":true,"href":"https:\/\/handymananddesigns.com\/fr\/wp-json\/wp\/v2\/comments?post=36"}],"version-history":[{"count":2,"href":"https:\/\/handymananddesigns.com\/fr\/wp-json\/wp\/v2\/pages\/36\/revisions"}],"predecessor-version":[{"id":8987,"href":"https:\/\/handymananddesigns.com\/fr\/wp-json\/wp\/v2\/pages\/36\/revisions\/8987"}],"wp:attachment":[{"href":"https:\/\/handymananddesigns.com\/fr\/wp-json\/wp\/v2\/media?parent=36"}],"curies":[{"name":"wp","href":"https:\/\/api.w.org\/{rel}","templated":true}]}}