{"id":38,"date":"2017-05-13T18:12:55","date_gmt":"2017-05-13T18:12:55","guid":{"rendered":"http:\/\/localhost\/?page_id=38"},"modified":"2026-03-28T11:14:01","modified_gmt":"2026-03-28T15:14:01","slug":"contact","status":"publish","type":"page","link":"https:\/\/handymananddesigns.com\/fr\/contact","title":{"rendered":"Contact"},"content":{"rendered":"<script src=\"https:\/\/www.google.com\/recaptcha\/api.js\" async defer><\/script>\r\n<style>\r\n<!--\r\n#searchingimageDiv {transition: all 0.3s ease-out; -moz-transition: all 0.3s ease-out; -webkit-transition: all 0.3s ease-out; -o-transition: all 0.3s ease-out;}\r\n#overlay {\r\nposition: fixed;\r\n    width: 100%;\r\n    height: 100%;\r\n    background: rgba(0,0,0,.5) url(https:\/\/handymananddesigns.com\/wp-content\/uploads\/ajax-loading-icon.gif) center center no-repeat;\r\n    top: 0;\r\n    bottom: 0;\r\n    right: 0;\r\n    left: 0;\r\n    transition: all 0.3s ease-out; -moz-transition: all 0.3s ease-out; -webkit-transition: all 0.3s ease-out; -o-transition: all 0.3s ease-out;\r\n}\r\n-->\r\n<\/style>\r\n\r\n<div style=\"clear: both; background: #f5f5f5; padding-bottom: 50px;\">\r\n<div style=\"height: 1px; clear: both;\"><\/div>\r\n<div style=\"background: url(https:\/\/handymananddesigns.com\/wp-content\/uploads\/line-1.gif) repeat-x center;\"><div style=\"text-align: center; width: 100%;\"><img loading=\"lazy\" decoding=\"async\" style=\"max-width: 457px; width: 90%; margin: 20px auto 15px; display: block;\" src=\"https:\/\/handymananddesigns.com\/wp-content\/uploads\/headers\/head-contact-en.png\" border=\"0\" alt=\"Header Icon - Contact Us\" width=\"457\" height=\"156\"\/><\/div>\r\n<\/div>\r\n\r\n<div class=\"row\" style=\"max-width: 1118px; width: 100%; margin: 0 auto;\">\r\n<div class=\"col-sm-6 pull-right\">\r\n<p><b>Chez <i>Handyman et Dessins<\/i>,<\/b> nous sommes fid\u00e8les \u00e0 notre engagement d&#8217;offrir des services fiables, rapides et abordables. Pr\u00eat \u00e0 d\u00e9marrer un nouveau projet ou besoin d&#8217;un devis gratuit ? Contactez-nous d\u00e8s maintenant par t\u00e9l\u00e9phone ou via notre formulaire de contact ci-dessous. D\u00e9crivez bri\u00e8vement vos besoins et, si possible, <b>joignez jusqu&#8217;\u00e0 6 photos<\/b> pour nous aider \u00e0 comprendre votre vision.<\/p>\r\n\r\n<b>HORAIRES FLEXIBLES<\/b>\r\n<p>Nous savons que Montr\u00e9al est une ville occup\u00e9e. Si nos heures r\u00e9guli\u00e8res ne conviennent pas \u00e0 votre emploi du temps, appelez-nous. Nous sommes l\u00e0 pour vous accommoder.<\/p>\r\n\r\n<b>ZONES DESSERVIES<\/b>\r\n<p>Ville Saint-Laurent, Ville de Mont-Royal, Westmount, Hampstead, Outremont, Centre-ville de Montr\u00e9al, C\u00f4te Saint-Luc, Verdun, DDO, Pierrefonds, Pointe-Claire, Lachine, LaSalle, Kirkland et&nbsp;Laval.<\/p>\r\n\r\n<div class=\"contactIcon\"><i class=\"fa fa-map-marker\" aria-hidden=\"true\"><\/i> Centre ville de Montr\u00e9al<\/div>\r\n\r\n<div class=\"contactclear\"><\/div>\r\n<div class=\"contactIcon\"><i class=\"fa fa-clock-o\" aria-hidden=\"true\"><\/i> Tous les jours : 09:00 &#8211; 17:00<\/div>\r\n\r\n<!-- <div class=\"contactclear\"><\/div>\r\n<div class=\"contactIcon\"><i class=\"fa fa-fax\" aria-hidden=\"true\"><\/i> <a href=\"tel:4388018002\" title=\"Contactez-nous aujourd'hui\">(438) 801-8002<\/a><\/div> -->\r\n\r\n<div class=\"contactclear\"><\/div>\r\n<\/div>\r\n   <div class=\"col-sm-6 pull-right\">\r\n      <div style=\"margin-top: 5px;\">\n<div class=\"wpcf7 no-js\" id=\"wpcf7-f308-o1\" lang=\"en-US\" dir=\"ltr\" data-wpcf7-id=\"308\">\n<div class=\"screen-reader-response\"><p role=\"status\" aria-live=\"polite\" aria-atomic=\"true\"><\/p> <ul><\/ul><\/div>\n<form action=\"\/fr\/wp-json\/wp\/v2\/pages\/38#wpcf7-f308-o1\" method=\"post\" class=\"wpcf7-form init\" aria-label=\"Contact form\" novalidate=\"novalidate\" data-status=\"init\">\n<fieldset class=\"hidden-fields-container\"><input type=\"hidden\" name=\"_wpcf7\" value=\"308\" \/><input type=\"hidden\" name=\"_wpcf7_version\" value=\"6.1.3\" \/><input type=\"hidden\" name=\"_wpcf7_locale\" value=\"en_US\" \/><input type=\"hidden\" name=\"_wpcf7_unit_tag\" value=\"wpcf7-f308-o1\" \/><input type=\"hidden\" name=\"_wpcf7_container_post\" value=\"0\" \/><input type=\"hidden\" name=\"_wpcf7_posted_data_hash\" value=\"\" \/><input type=\"hidden\" name=\"upload_dir\" value=\"tmp_uploads\" \/><input type=\"hidden\" name=\"generate_name\" value=\"04-20-26-69e5abfc93f7b\" \/><input type=\"hidden\" name=\"_wpcf7_recaptcha_response\" value=\"\" \/>\n<\/fieldset>\n<style>\n.cd-upload-btn {\n font-size: 18px;\n padding-top: 3px;\n display: inline-table;}\n.codedropz-upload-inner h3 {\n font-size: 25px;\n font-weight: 700;\n letter-spacing: .5px;\n}\n.wpcf7-text, .wpcf7-textarea {\nfont-weight: bold!important;\n}\n<\/style>\n<p><label><span class=\"wpcf7-form-control-wrap\" data-name=\"company-name\"><input size=\"40\" maxlength=\"400\" class=\"wpcf7-form-control wpcf7-text\" aria-invalid=\"false\" placeholder=\"Company Name (optional)\" value=\"\" type=\"text\" name=\"company-name\" \/><\/span><\/label><br \/>\n<label style=\"width: 49%; display: inline; float: left;\"><span class=\"wpcf7-form-control-wrap\" data-name=\"your-name\"><input size=\"40\" maxlength=\"400\" class=\"wpcf7-form-control wpcf7-text wpcf7-validates-as-required\" aria-required=\"true\" aria-invalid=\"false\" placeholder=\"First Name\" value=\"\" type=\"text\" name=\"your-name\" \/><\/span><\/label><label style=\"width: 49%; display: inline; float: right;\"><span class=\"wpcf7-form-control-wrap\" data-name=\"last-name\"><input size=\"40\" maxlength=\"400\" class=\"wpcf7-form-control wpcf7-text wpcf7-validates-as-required\" aria-required=\"true\" aria-invalid=\"false\" placeholder=\"Last Name\" value=\"\" type=\"text\" name=\"last-name\" \/><\/span><\/label><br \/>\n<label style=\"width: 49%; display: inline; float: left; clear: both;\"><span class=\"wpcf7-form-control-wrap\" data-name=\"your-email\"><input size=\"40\" maxlength=\"400\" class=\"wpcf7-form-control wpcf7-email wpcf7-validates-as-required wpcf7-text wpcf7-validates-as-email\" aria-required=\"true\" aria-invalid=\"false\" placeholder=\"Email\" value=\"\" type=\"email\" name=\"your-email\" \/><\/span><\/label><label style=\"width: 49%; display: inline; float: right;\"><span class=\"wpcf7-form-control-wrap\" data-name=\"phone-number\"><input size=\"40\" maxlength=\"400\" class=\"wpcf7-form-control wpcf7-text wpcf7-validates-as-required\" aria-required=\"true\" aria-invalid=\"false\" placeholder=\"Phone\" value=\"\" type=\"text\" name=\"phone-number\" \/><\/span><\/label>\n<\/p>\n<div style=\"clear: both; display: block; text-align: center;\">\n\t<p>-------------------------------------\n\t<\/p>\n<\/div>\n<p><label style=\"width: 62%; display: inline; float: left;\"><span class=\"wpcf7-form-control-wrap\" data-name=\"street-address\"><input size=\"40\" maxlength=\"400\" class=\"wpcf7-form-control wpcf7-text wpcf7-validates-as-required\" aria-required=\"true\" aria-invalid=\"false\" placeholder=\"Street Address\" value=\"\" type=\"text\" name=\"street-address\" \/><\/span><\/label><label style=\"width: 36%; display: inline; float: right;\"><span class=\"wpcf7-form-control-wrap\" data-name=\"apartment\"><input size=\"40\" maxlength=\"400\" class=\"wpcf7-form-control wpcf7-text\" aria-invalid=\"false\" placeholder=\"Apt# (optional)\" value=\"\" type=\"text\" name=\"apartment\" \/><\/span><\/label><br \/>\n<label style=\"width: 49%; display: inline; float: left; clear: both;\"><span class=\"wpcf7-form-control-wrap\" data-name=\"city\"><input size=\"40\" maxlength=\"400\" class=\"wpcf7-form-control wpcf7-text wpcf7-validates-as-required\" aria-required=\"true\" aria-invalid=\"false\" placeholder=\"City\" value=\"\" type=\"text\" name=\"city\" \/><\/span><\/label><label style=\"width: 49%; display: inline; float: right;\"><span class=\"wpcf7-form-control-wrap\" data-name=\"province\"><input size=\"40\" maxlength=\"400\" class=\"wpcf7-form-control wpcf7-text wpcf7-validates-as-required\" aria-required=\"true\" aria-invalid=\"false\" placeholder=\"Province\" value=\"\" type=\"text\" name=\"province\" \/><\/span><\/label><br \/>\n<label style=\"width: 49%; display: inline; float: left; clear: both;\"><span class=\"wpcf7-form-control-wrap\" data-name=\"postal-code\"><input size=\"40\" maxlength=\"400\" class=\"wpcf7-form-control wpcf7-text wpcf7-validates-as-required\" aria-required=\"true\" aria-invalid=\"false\" placeholder=\"Postal Code\" value=\"\" type=\"text\" name=\"postal-code\" \/><\/span><\/label><label style=\"width: 49%; display: inline; float: right;\"><span class=\"wpcf7-form-control-wrap\" data-name=\"country\"><input size=\"40\" maxlength=\"400\" class=\"wpcf7-form-control wpcf7-text wpcf7-validates-as-required\" aria-required=\"true\" aria-invalid=\"false\" value=\"Canada\" type=\"text\" name=\"country\" \/><\/span><\/label>\n<\/p>\n<div style=\"clear: both; display: block; text-align: center;\">\n\t<p>-------------------------------------\n\t<\/p>\n<\/div>\n<p><label><span class=\"wpcf7-form-control-wrap\" data-name=\"your-subject\"><input size=\"40\" maxlength=\"400\" class=\"wpcf7-form-control wpcf7-text\" aria-invalid=\"false\" placeholder=\"Email Title\" value=\"\" type=\"text\" name=\"your-subject\" \/><\/span><\/label><br \/>\n<label><span class=\"wpcf7-form-control-wrap\" data-name=\"your-message\"><textarea cols=\"40\" rows=\"10\" maxlength=\"2000\" class=\"wpcf7-form-control wpcf7-textarea\" aria-invalid=\"false\" placeholder=\"Your Message\" name=\"your-message\"><\/textarea><\/span><\/label>\n<\/p>\n<div style=\"margin-top: -10px;\">\n\t<p class=\"items-en\" style=\"margin: 0 0 10px; text-transform: none;font-family: sans-serif; font-size: 18px; line-height: 1.5; font-weight: normal; letter-spacing: normal;\"><b>Upload up to 6 images of your project.<\/b> Each Image cannot exceed 10MB and must be .png, .jpg, or .jpeg\n\t<\/p>\n\t<p class=\"items-fr\" style=\"margin: 0 0 10px; text-transform: none; font-size: 18px; line-height: 1.5; font-weight: normal; letter-spacing: normal;\"><b>Chargez jusqu'\u00e0 6 images de votre projet.<\/b> Chaque image ne peut pas d\u00e9passer 10 Mo et doit \u00eatre .png, .jpg ou .jpeg\n\t<\/p>\n\t<p><span class=\"wpcf7-form-control-wrap codedropz-theme-light\" data-name=\"upload-file-242\"><input size=\"40\" class=\"wpcf7-form-control wpcf7-drag-n-drop-file d-none\" aria-invalid=\"false\" type=\"file\" multiple=\"multiple\" data-name=\"upload-file-242\" data-limit=\"15728640\" data-max=\"6\" data-id=\"308\" \/><\/span>\n\t<\/p>\n<\/div>\n<div style=\"margin-top: 20px;\">\n\n\t<div id=\"searchingimageDiv\" style=\"display:none\">\n\t\t<div id=\"overlay\">\n\t\t<\/div>\n\t<\/div>\n\t<div class=\"items-en\">\n\t\t<p><input class=\"wpcf7-form-control wpcf7-submit has-spinner\" type=\"submit\" value=\"Submit\" \/>\n\t\t<\/p>\n\t<\/div>\n\t<div class=\"items-fr\">\n\t\t<p><input class=\"wpcf7-form-control wpcf7-submit has-spinner\" type=\"submit\" value=\"Envoyer\" \/>\n\t\t<\/p>\n\t<\/div>\n<\/div><div class=\"wpcf7-response-output\" aria-hidden=\"true\"><\/div>\n<\/form>\n<\/div>\n<\/div>\r\n   <\/div>\r\n<\/div>\r\n\r\n<script>\r\ndocument.addEventListener( 'wpcf7mailsent', function( event ) {\r\n    location = 'https:\/\/handymananddesigns.com\/contact-success\/';\r\n}, false );\r\n<\/script>\r\n<script type=\"text\/javascript\"> \r\n<!-- \r\nfunction showHide(){ \r\n\/\/create an object reference to the div containing images \r\nvar oimageDiv=document.getElementById('searchingimageDiv') \r\n\/\/set display to inline if currently none, otherwise to none \r\noimageDiv.style.display=(oimageDiv.style.display=='none')?'inline':'none' \r\n} \r\n\/\/--> \r\n<\/script>\r\n\r\n<script>\r\ndocument.addEventListener('DOMContentLoaded', function() {\r\n  const phoneInput = document.querySelector('input[name=\"phone-number\"]');\r\n  if (!phoneInput) return;\r\n\r\n  phoneInput.addEventListener('input', function(e) {\r\n    let value = e.target.value.replace(\/D\/g, '');\r\n    if (value.length > 10) value = value.slice(0, 10);\r\n    \r\n    if (value.length > 6) {\r\n      value = `(${value.slice(0,3)}) ${value.slice(3,6)}-${value.slice(6)}`;\r\n    } else if (value.length > 3) {\r\n      value = `(${value.slice(0,3)}) ${value.slice(3)}`;\r\n    } else if (value.length > 0) {\r\n      value = `(${value}`;\r\n    }\r\n    \r\n    e.target.value = value;\r\n  });\r\n});\r\n<\/script>\r\n\r\n<\/div>","protected":false},"excerpt":{"rendered":"Chez Handyman et Dessins, nous sommes fid\u00e8les \u00e0 notre engagement d&#8217;offrir des services fiables, rapides et abordables. Pr\u00eat \u00e0 d\u00e9marrer un nouveau projet ou besoin d&#8217;un devis gratuit ? Contactez-nous d\u00e8s maintenant par t\u00e9l\u00e9phone ou via notre formulaire de contact ci-dessous. D\u00e9crivez bri\u00e8vement vos besoins et, si possible, joignez jusqu&#8217;\u00e0 6 photos pour nous aider [&hellip;]","protected":false},"author":1,"featured_media":7165,"parent":0,"menu_order":6,"comment_status":"closed","ping_status":"closed","template":"fullwidth.php","meta":{"footnotes":""},"class_list":["post-38","page","type-page","status-publish","has-post-thumbnail","hentry"],"translation":{"provider":"WPGlobus","version":"3.0.0","language":"fr","enabled_languages":["en","fr"],"languages":{"en":{"title":true,"content":true,"excerpt":false},"fr":{"title":true,"content":true,"excerpt":false}}},"yoast_head":"<!-- This site is optimized with the Yoast SEO plugin v26.4 - https:\/\/yoast.com\/wordpress\/plugins\/seo\/ -->\n<title>Handyman Contact Form | Handyman And Designs<\/title>\n<meta name=\"description\" content=\"Pour discuter de votre (vos) projet(s) ou pour recevoir un devis gratuit, contactez-nous imm\u00e9diatement contactez-nous aujourd&#039;hui.\" \/>\n<meta name=\"robots\" content=\"index, follow, max-snippet:-1, max-image-preview:large, max-video-preview:-1\" \/>\n<link rel=\"canonical\" href=\"https:\/\/handymananddesigns.com\/contact\" \/>\n<meta property=\"og:locale\" content=\"fr_FR\" \/>\n<meta property=\"og:type\" content=\"article\" \/>\n<meta property=\"og:title\" content=\"Handyman Contact Form | Handyman And Designs\" \/>\n<meta property=\"og:description\" content=\"Contact us today to discuss your project(s) and receive a quote. Please include a few sample photos of the work needed and any project requirements.\" \/>\n<meta property=\"og:url\" content=\"https:\/\/handymananddesigns.com\/contact\" \/>\n<meta property=\"og:site_name\" content=\"Handyman And Designs\" \/>\n<meta property=\"article:publisher\" content=\"https:\/\/www.facebook.com\/HandymanAndDesignscom-1917753401876321\" \/>\n<meta property=\"article:modified_time\" content=\"2026-03-28T15:14:01+00:00\" \/>\n<meta property=\"og:image\" content=\"https:\/\/handymananddesigns.com\/wp-content\/uploads\/handyman-montreal-tool-car.jpg\" \/>\n<meta name=\"twitter:card\" content=\"summary_large_image\" \/>\n<meta name=\"twitter:description\" content=\"Contact us today to discuss your project(s) and receive a quote. Please include a few sample photos of the work needed and any project requirements.\" \/>\n<meta name=\"twitter:image\" content=\"https:\/\/handymananddesigns.com\/wp-content\/uploads\/handyman-montreal-tool-car.jpg\" \/>\n<meta name=\"twitter:label1\" content=\"Est. reading time\" \/>\n\t<meta name=\"twitter:data1\" content=\"1 minute\" \/>\n<script type=\"application\/ld+json\" class=\"yoast-schema-graph\">{\"@context\":\"https:\/\/schema.org\",\"@graph\":[{\"@type\":\"WebPage\",\"@id\":\"https:\/\/handymananddesigns.com\/contact\",\"url\":\"https:\/\/handymananddesigns.com\/contact\",\"name\":\"Handyman Contact Form | Handyman And Designs\",\"isPartOf\":{\"@id\":\"https:\/\/handymananddesigns.com\/#website\"},\"primaryImageOfPage\":{\"@id\":\"https:\/\/handymananddesigns.com\/contact#primaryimage\"},\"image\":{\"@id\":\"https:\/\/handymananddesigns.com\/contact#primaryimage\"},\"thumbnailUrl\":\"https:\/\/handymananddesigns.com\/wp-content\/uploads\/handyman-montreal-tool-car.jpg\",\"datePublished\":\"2017-05-13T18:12:55+00:00\",\"dateModified\":\"2026-03-28T15:14:01+00:00\",\"description\":\"Contact us today to discuss your project(s) and receive a quote. Please include a few sample photos of the work needed and any project requirements.\",\"breadcrumb\":{\"@id\":\"https:\/\/handymananddesigns.com\/contact#breadcrumb\"},\"inLanguage\":\"fr-FR\",\"potentialAction\":[{\"@type\":\"ReadAction\",\"target\":[\"https:\/\/handymananddesigns.com\/contact\"]}]},{\"@type\":\"ImageObject\",\"inLanguage\":\"fr-FR\",\"@id\":\"https:\/\/handymananddesigns.com\/contact#primaryimage\",\"url\":\"https:\/\/handymananddesigns.com\/wp-content\/uploads\/handyman-montreal-tool-car.jpg\",\"contentUrl\":\"https:\/\/handymananddesigns.com\/wp-content\/uploads\/handyman-montreal-tool-car.jpg\",\"width\":853,\"height\":571,\"caption\":\"Handyman Montreal Tool Car\"},{\"@type\":\"BreadcrumbList\",\"@id\":\"https:\/\/handymananddesigns.com\/contact#breadcrumb\",\"itemListElement\":[{\"@type\":\"ListItem\",\"position\":1,\"name\":\"Accueil\",\"item\":\"https:\/\/handymananddesigns.com\/\"},{\"@type\":\"ListItem\",\"position\":2,\"name\":\"Contact Us\"}]},{\"@type\":\"WebSite\",\"@id\":\"https:\/\/handymananddesigns.com\/#website\",\"url\":\"https:\/\/handymananddesigns.com\/\",\"name\":\"Handyman And Designs\",\"description\":\"Petits et moyens boulots et conceptions!\",\"potentialAction\":[{\"@type\":\"SearchAction\",\"target\":{\"@type\":\"EntryPoint\",\"urlTemplate\":\"https:\/\/handymananddesigns.com\/?s={search_term_string}\"},\"query-input\":{\"@type\":\"PropertyValueSpecification\",\"valueRequired\":true,\"valueName\":\"search_term_string\"}}],\"inLanguage\":\"fr-FR\"}]}<\/script>\n<!-- \/ Yoast SEO plugin. -->","yoast_head_json":{"title":"Handyman Contact Form | Handyman And Designs","description":"Pour discuter de votre (vos) projet(s) ou pour recevoir un devis gratuit, contactez-nous imm\u00e9diatement contactez-nous aujourd'hui.","robots":{"index":"index","follow":"follow","max-snippet":"max-snippet:-1","max-image-preview":"max-image-preview:large","max-video-preview":"max-video-preview:-1"},"canonical":"https:\/\/handymananddesigns.com\/contact","og_locale":"fr_FR","og_type":"article","og_title":"Handyman Contact Form | Handyman And Designs","og_description":"Contact us today to discuss your project(s) and receive a quote. Please include a few sample photos of the work needed and any project requirements.","og_url":"https:\/\/handymananddesigns.com\/contact","og_site_name":"Handyman And Designs","article_publisher":"https:\/\/www.facebook.com\/HandymanAndDesignscom-1917753401876321","article_modified_time":"2026-03-28T15:14:01+00:00","og_image":[{"url":"https:\/\/handymananddesigns.com\/wp-content\/uploads\/handyman-montreal-tool-car.jpg","type":"","width":"","height":""}],"twitter_card":"summary_large_image","twitter_description":"Contact us today to discuss your project(s) and receive a quote. Please include a few sample photos of the work needed and any project requirements.","twitter_image":"https:\/\/handymananddesigns.com\/wp-content\/uploads\/handyman-montreal-tool-car.jpg","twitter_misc":{"Est. reading time":"1 minute"},"schema":{"@context":"https:\/\/schema.org","@graph":[{"@type":"WebPage","@id":"https:\/\/handymananddesigns.com\/contact","url":"https:\/\/handymananddesigns.com\/contact","name":"Handyman Contact Form | Handyman And Designs","isPartOf":{"@id":"https:\/\/handymananddesigns.com\/#website"},"primaryImageOfPage":{"@id":"https:\/\/handymananddesigns.com\/contact#primaryimage"},"image":{"@id":"https:\/\/handymananddesigns.com\/contact#primaryimage"},"thumbnailUrl":"https:\/\/handymananddesigns.com\/wp-content\/uploads\/handyman-montreal-tool-car.jpg","datePublished":"2017-05-13T18:12:55+00:00","dateModified":"2026-03-28T15:14:01+00:00","description":"Contact us today to discuss your project(s) and receive a quote. Please include a few sample photos of the work needed and any project requirements.","breadcrumb":{"@id":"https:\/\/handymananddesigns.com\/contact#breadcrumb"},"inLanguage":"fr-FR","potentialAction":[{"@type":"ReadAction","target":["https:\/\/handymananddesigns.com\/contact"]}]},{"@type":"ImageObject","inLanguage":"fr-FR","@id":"https:\/\/handymananddesigns.com\/contact#primaryimage","url":"https:\/\/handymananddesigns.com\/wp-content\/uploads\/handyman-montreal-tool-car.jpg","contentUrl":"https:\/\/handymananddesigns.com\/wp-content\/uploads\/handyman-montreal-tool-car.jpg","width":853,"height":571,"caption":"Handyman Montreal Tool Car"},{"@type":"BreadcrumbList","@id":"https:\/\/handymananddesigns.com\/contact#breadcrumb","itemListElement":[{"@type":"ListItem","position":1,"name":"Accueil","item":"https:\/\/handymananddesigns.com\/"},{"@type":"ListItem","position":2,"name":"Contact Us"}]},{"@type":"WebSite","@id":"https:\/\/handymananddesigns.com\/#website","url":"https:\/\/handymananddesigns.com\/","name":"Handyman And Designs","description":"Petits et moyens boulots et conceptions!","potentialAction":[{"@type":"SearchAction","target":{"@type":"EntryPoint","urlTemplate":"https:\/\/handymananddesigns.com\/?s={search_term_string}"},"query-input":{"@type":"PropertyValueSpecification","valueRequired":true,"valueName":"search_term_string"}}],"inLanguage":"fr-FR"}]}},"_links":{"self":[{"href":"https:\/\/handymananddesigns.com\/fr\/wp-json\/wp\/v2\/pages\/38","targetHints":{"allow":["GET"]}}],"collection":[{"href":"https:\/\/handymananddesigns.com\/fr\/wp-json\/wp\/v2\/pages"}],"about":[{"href":"https:\/\/handymananddesigns.com\/fr\/wp-json\/wp\/v2\/types\/page"}],"author":[{"embeddable":true,"href":"https:\/\/handymananddesigns.com\/fr\/wp-json\/wp\/v2\/users\/1"}],"replies":[{"embeddable":true,"href":"https:\/\/handymananddesigns.com\/fr\/wp-json\/wp\/v2\/comments?post=38"}],"version-history":[{"count":5,"href":"https:\/\/handymananddesigns.com\/fr\/wp-json\/wp\/v2\/pages\/38\/revisions"}],"predecessor-version":[{"id":11165,"href":"https:\/\/handymananddesigns.com\/fr\/wp-json\/wp\/v2\/pages\/38\/revisions\/11165"}],"wp:featuredmedia":[{"embeddable":true,"href":"https:\/\/handymananddesigns.com\/fr\/wp-json\/wp\/v2\/media\/7165"}],"wp:attachment":[{"href":"https:\/\/handymananddesigns.com\/fr\/wp-json\/wp\/v2\/media?parent=38"}],"curies":[{"name":"wp","href":"https:\/\/api.w.org\/{rel}","templated":true}]}}