{"id":4696,"date":"2022-05-30T20:11:11","date_gmt":"2022-05-31T00:11:11","guid":{"rendered":"https:\/\/handymananddesigns.com\/?page_id=4696"},"modified":"2023-05-07T09:10:52","modified_gmt":"2023-05-07T13:10:52","slug":"blog","status":"publish","type":"page","link":"https:\/\/handymananddesigns.com\/fr\/blog","title":{"rendered":"Blog"},"content":{"rendered":"<style>\r\n#blogA {   \r\n   background: #fa9d1c; \r\n   text-align: center; \r\n   color: #000; \r\n   pointer-events: none;}\r\n#blogA {pointer-events: none;} \r\n<\/style>\r\n<div id=\"blogTop\">\r\n   <div><\/div>\r\n<\/div>\r\n<div class=\"bgTexture\">\r\n<div style=\"width: 100%;\">\t\t<link href=\"https:\/\/handymananddesigns.com\/wp-content\/plugins\/slideshow-ck\/themes\/default\/css\/camera.css\" rel=\"stylesheet\" type=\"text\/css\" \/>\n\t\t<style type=\"text\/css\">\n\t\t\t#camera_wrap_5996 .camera_pag_ul li img, #camera_wrap_5996 .camera_thumbs_cont ul li img {\n\t\t\t\theight:100px;\n\t\t\t\twidth: auto;\n\t\t\t}\n\t\t\t#camera_wrap_5996 .camera_caption {\n\t\t\t\tdisplay: block;\n\t\t\t\tposition: absolute;\n\t\t\t}\n\t\t\t#camera_wrap_5996 .camera_caption a.camera_caption_link {\n\t\t\t\tdisplay: block;\n\t\t\t\tposition: absolute;\n\t\t\t\tleft: 0;\n\t\t\t\tright: 0;\n\t\t\t\ttop: 0;\n\t\t\t\tbottom: 0;\n\t\t\t}\n\t\t\t#camera_wrap_5996 .camera_caption > div {\n\t\t\t\tpadding-top: 20px;padding-right: 20px;padding-bottom: 20px;padding-left: 20px;margin-bottom: 10px;margin-left: 15%;background: rgba(246,156,33,.8);\t\t\t}\n\t\t\t#camera_wrap_5996 .camera_caption div.camera_caption_title {\n\t\t\t\tcolor: #242425;font-size: 35px;line-height: 35px;font-weight: normal;font-family: Helvetica Neue, Helvetica, Arial, sans-serif;\t\t\t}\n\t\t\t#camera_wrap_5996 .camera_caption div.camera_caption_desc {\n\t\t\t\tfont-size: 12px;line-height: 12px;font-weight: normal;font-family: Helvetica Neue, Helvetica, Arial, sans-serif;\t\t\t}\n\t\t<\/style>\n\t\t\t\t<div class=\"slideshowck camera_wrap camera_amber_skin\" id=\"camera_wrap_5996\">\n\t\t\t\t\t\t\t<div  data-thumb=\"https:\/\/handymananddesigns.com\/wp-content\/uploads\/Handyman-and-deisgns-what-is-a-handyman-feature-image.jpg\" data-src=\"https:\/\/handymananddesigns.com\/wp-content\/uploads\/Handyman-and-deisgns-what-is-a-handyman-feature-image.jpg\" data-link=\"https:\/\/handymananddesigns.com\/what-is-a-handyman\" data-target=\"_parent\">\n\t\t\t\t\t\t\t\t\t\t\t\t<div class=\"camera_caption fadeIn\">\n\t\t\t\t\t\t\t\t\t\t\t\t\t\t<div class=\"camera_caption_title\">\n\t\t\t\t\t\t\t\t<span class=\"head2\">The Pros and Cons of Hiring a Handyman over a General Contractor<\/span>\t\t\t\t\t\t\t<\/div>\n\t\t\t\t\t\t\t\t\t\t\t\t\t\t\t\t\t\t\t\t\t<div class=\"camera_caption_desc\">\n\t\t\t\t\t\t\t\tTips & Ideas\t\t\t\t\t\t\t<\/div>\n\t\t\t\t\t\t\t\t\t\t\t\t\t\t\t\t\t\t\t\t\t\t\t\t\t\t\t<\/div>\n\t\t\t\t\t\t\t\t\t\t<\/div>\n\t\t\t\t\t\t\t<div  data-thumb=\"https:\/\/handymananddesigns.com\/wp-content\/uploads\/handyman-and-designs-fruit-flies-feature.jpg\" data-src=\"https:\/\/handymananddesigns.com\/wp-content\/uploads\/handyman-and-designs-fruit-flies-feature.jpg\" data-link=\"https:\/\/handymananddesigns.com\/how-to-get-rid-of-fruit-flies-instantly-for-restaurants-and-homes\" data-target=\"_parent\">\n\t\t\t\t\t\t\t\t\t\t\t\t<div class=\"camera_caption fadeIn\">\n\t\t\t\t\t\t\t\t\t\t\t\t\t\t<div class=\"camera_caption_title\">\n\t\t\t\t\t\t\t\t<span class=\"head3\">How to Get Rid of Fruit Flies \u2013 Forever!<\/span>\t\t\t\t\t\t\t<\/div>\n\t\t\t\t\t\t\t\t\t\t\t\t\t\t\t\t\t\t\t\t\t<div class=\"camera_caption_desc\">\n\t\t\t\t\t\t\t\tTips & Ideas\t\t\t\t\t\t\t<\/div>\n\t\t\t\t\t\t\t\t\t\t\t\t\t\t\t\t\t\t\t\t\t\t\t\t\t\t\t<\/div>\n\t\t\t\t\t\t\t\t\t\t<\/div>\n\t\t\t\t\t\t\t<div  data-thumb=\"https:\/\/handymananddesigns.com\/wp-content\/uploads\/handyman-and-designs-how-to-get-rid-of-drain-flies-feature.jpg\" data-src=\"https:\/\/handymananddesigns.com\/wp-content\/uploads\/handyman-and-designs-how-to-get-rid-of-drain-flies-feature.jpg\" data-link=\"https:\/\/handymananddesigns.com\/how-to-get-rid-of-drain-flies-today\" data-target=\"_parent\">\n\t\t\t\t\t\t\t\t\t\t\t\t<div class=\"camera_caption fadeIn\">\n\t\t\t\t\t\t\t\t\t\t\t\t\t\t<div class=\"camera_caption_title\">\n\t\t\t\t\t\t\t\t<span class=\"head3\">How to Get Rid of Drain Flies \u2013 Today!<\/span>\t\t\t\t\t\t\t<\/div>\n\t\t\t\t\t\t\t\t\t\t\t\t\t\t\t\t\t\t\t\t\t<div class=\"camera_caption_desc\">\n\t\t\t\t\t\t\t\tTips & Ideas\t\t\t\t\t\t\t<\/div>\n\t\t\t\t\t\t\t\t\t\t\t\t\t\t\t\t\t\t\t\t\t\t\t\t\t\t\t<\/div>\n\t\t\t\t\t\t\t\t\t\t<\/div>\n\t\t\t\t\t\t\t<div  data-thumb=\"https:\/\/handymananddesigns.com\/wp-content\/uploads\/how-to-find-a-handyman-near-me-feature.jpg\" data-src=\"https:\/\/handymananddesigns.com\/wp-content\/uploads\/how-to-find-a-handyman-near-me-feature.jpg\" data-link=\"https:\/\/handymananddesigns.com\/find-the-best-handyman-near-me\/\" data-target=\"_parent\">\n\t\t\t\t\t\t\t\t\t\t\t\t<div class=\"camera_caption fadeIn\">\n\t\t\t\t\t\t\t\t\t\t\t\t\t\t<div class=\"camera_caption_title\">\n\t\t\t\t\t\t\t\t<span class=\"head2\">Find The Best Handyman Near Me - An Ultimate Guide For Homeowners<\/span>\t\t\t\t\t\t\t<\/div>\n\t\t\t\t\t\t\t\t\t\t\t\t\t\t\t\t\t\t\t\t\t<div class=\"camera_caption_desc\">\n\t\t\t\t\t\t\t\tTips & Ideas\t\t\t\t\t\t\t<\/div>\n\t\t\t\t\t\t\t\t\t\t\t\t\t\t\t\t\t\t\t\t\t\t\t\t\t\t\t<\/div>\n\t\t\t\t\t\t\t\t\t\t<\/div>\n\t\t\t\t\t\t\t<div  data-thumb=\"https:\/\/handymananddesigns.com\/wp-content\/uploads\/2022\/06\/Sci-fi-Handyman-Studio-Office.jpg\" data-src=\"https:\/\/handymananddesigns.com\/wp-content\/uploads\/2022\/06\/Sci-fi-Handyman-Studio-Office.jpg\" data-link=\"https:\/\/handymananddesigns.com\/sci-fi-handyman-workshop-lounge\" data-target=\"_parent\">\n\t\t\t\t\t\t\t\t\t\t\t\t<div class=\"camera_caption fadeIn\">\n\t\t\t\t\t\t\t\t\t\t\t\t\t\t<div class=\"camera_caption_title\">\n\t\t\t\t\t\t\t\t<span class=\"head3\">Sci-fi Handyman Workshop Lounge<\/span>\t\t\t\t\t\t\t<\/div>\n\t\t\t\t\t\t\t\t\t\t\t\t\t\t\t\t\t\t\t\t\t<div class=\"camera_caption_desc\">\n\t\t\t\t\t\t\t\tNews & Updates\t\t\t\t\t\t\t<\/div>\n\t\t\t\t\t\t\t\t\t\t\t\t\t\t\t\t\t\t\t\t\t\t\t\t\t\t\t<\/div>\n\t\t\t\t\t\t\t\t\t\t<\/div>\n\t\t\t\t\t<\/div>\n\t\t<div style=\"clear:both;\"><\/div>\n\t\t<\/div>\r\n\r\n<div class=\"blogLiner\">\r\n    <div><\/div>\r\n<\/div>\r\n<div style=\"height: 10px; clear: both;\"><\/div>\r\n<div id=\"bLine\">\r\n   <div><img loading=\"lazy\" decoding=\"async\" src=\"https:\/\/handymananddesigns.com\/wp-content\/uploads\/header-blog-icon.png\" border=\"0\" width=\"402\" height=\"145\" alt=\"Blog Heading Icon\"><\/div>\r\n<\/div>\r\n<div class=\"items-en blogList\" style=\"text-align: center; width: 100%; max-width: 100%;\">\r\n  <a id=\"blogA\" href=\"https:\/\/handymananddesigns.com\/blog\"><h5>Recent Posts<\/h5><\/a>\r\n  <a id=\"blogB\" href=\"https:\/\/handymananddesigns.com\/blog\/handyman-tales\"><h5>Handyman Tales<\/h5><\/a>\r\n  <a id=\"blogC\" href=\"https:\/\/handymananddesigns.com\/blog\/tool-reviews\"><h5>Tool Reviews<\/h5><\/a>\r\n  <a id=\"blogD\" href=\"https:\/\/handymananddesigns.com\/blog\/tips-and-ideas\"><h5>Tips & Ideas<\/h5><\/a>\r\n  <a id=\"blogE\" href=\"https:\/\/handymananddesigns.com\/blog\/news-and-updates\"><h5>News & Updates<\/h5><\/a>\r\n  <a id=\"blogF\" href=\"https:\/\/handymananddesigns.com\/blog\/adventures\"><h5>Adventures<\/h5><\/a>\r\n<\/div>\r\n\r\n<div class=\"items-fr blogList\" style=\"text-align: center; width: 100%; max-width: 100%;\">\r\n  <a id=\"blogA\" href=\"https:\/\/handymananddesigns.com\/fr\/blog\"><h5>Articles r\u00e9cents<\/h5><\/a>\r\n  <a id=\"blogB\" href=\"https:\/\/handymananddesigns.com\/fr\/blog\/handyman-tales\"><h5>Contes sp\u00e9ciaux<\/h5><\/a>\r\n  <a id=\"blogC\" href=\"https:\/\/handymananddesigns.com\/fr\/blog\/tool-reviews\"><h5>Examens d'outils<\/h5><\/a>\r\n  <a id=\"blogD\" href=\"https:\/\/handymananddesigns.com\/fr\/blog\/tips-and-ideas\"><h5>Conseils & Astuces<\/h5><\/a>\r\n  <a id=\"blogE\" href=\"https:\/\/handymananddesigns.com\/fr\/blog\/news-and-updates\"><h5>Mises \u00e0 jour<\/h5><\/a>\r\n  <a id=\"blogF\" href=\"https:\/\/handymananddesigns.com\/fr\/blog\/adventures\"><h5>Aventures<\/h5><\/a>\r\n<\/div>\r\n<div style=\"clear: both; padding-top: 20px;\">\r\n<ul class=\"articlesPage\"><li><a href=\"https:\/\/handymananddesigns.com\/fr\/how-to-change-a-light-bulb\" title=\"How to Change a Light Bulb\"><img loading=\"lazy\" decoding=\"async\" width=\"768\" height=\"400\" src=\"https:\/\/handymananddesigns.com\/wp-content\/uploads\/blog-feature-light-bulb-1.jpg\" class=\"lcp_thumbnail wp-post-image\" alt=\"How to Change a Light Bulb\" srcset=\"https:\/\/handymananddesigns.com\/wp-content\/uploads\/blog-feature-light-bulb-1.jpg 768w, https:\/\/handymananddesigns.com\/wp-content\/uploads\/blog-feature-light-bulb-1-480x250.jpg 480w\" sizes=\"auto, (max-width: 768px) 100vw, 768px\" \/><\/a><div style=\"color: #555; margin: 8px 0 0;\"><div class=\"art-custom\"><a href=\"https:\/\/handymananddesigns.com\/fr\/blog\/tips-and-ideas\">Conseils &amp; Astuces<\/a><\/div>   January 26, 2025<\/div> <h3 class=\"lcp_post\"><a href=\"https:\/\/handymananddesigns.com\/fr\/how-to-change-a-light-bulb\">How to Change a Light Bulb<\/a><\/h3><div class=\"lcp_excerpt\">Learn how to safely change a light bulb with expert tips from Handyman and Designs. Follow our easy steps for a smooth, hassle-free experience.<\/div><a href=\"https:\/\/handymananddesigns.com\/fr\/how-to-change-a-light-bulb\">read more \u00bb<\/a><\/li><li><a href=\"https:\/\/handymananddesigns.com\/fr\/clean-taper-cut\" title=\"Clean Taper Cut\"><img loading=\"lazy\" decoding=\"async\" width=\"768\" height=\"400\" src=\"https:\/\/handymananddesigns.com\/wp-content\/uploads\/thumb-main-Clean-taper-cut.jpg\" class=\"lcp_thumbnail wp-post-image\" alt=\"Clean Taper Cut\" srcset=\"https:\/\/handymananddesigns.com\/wp-content\/uploads\/thumb-main-Clean-taper-cut.jpg 768w, https:\/\/handymananddesigns.com\/wp-content\/uploads\/thumb-main-Clean-taper-cut-480x250.jpg 480w\" sizes=\"auto, (max-width: 768px) 100vw, 768px\" \/><\/a><div style=\"color: #555; margin: 8px 0 0;\"><div class=\"art-custom\"><a href=\"https:\/\/handymananddesigns.com\/fr\/blog\/tips-and-ideas\">Conseils &amp; Astuces<\/a><\/div>   December 13, 2024<\/div> <h3 class=\"lcp_post\"><a href=\"https:\/\/handymananddesigns.com\/fr\/clean-taper-cut\">Clean Taper Cut<\/a><\/h3><div class=\"lcp_excerpt\">Ever cut particle board and ended up with edges that look like a beaver had a bad day? Here is a solution that\u2019ll make you feel like a woodworking pro!<\/div><a href=\"https:\/\/handymananddesigns.com\/fr\/clean-taper-cut\">read more \u00bb<\/a><\/li><li><a href=\"https:\/\/handymananddesigns.com\/fr\/what-is-a-handyman\" title=\"{:en}What is a Handyman And Why Homeowners Prefer Them Over Contractors{:}{:fr}Qu&#039;est-ce qu&#039;un Handyman et pourquoi les propri\u00e9taires les pr\u00e9f\u00e8rent aux entrepreneurs{:}\"><img loading=\"lazy\" decoding=\"async\" width=\"768\" height=\"400\" src=\"https:\/\/handymananddesigns.com\/wp-content\/uploads\/Handyman-and-deisgns-what-is-a-handyman-thumbnail.jpg\" class=\"lcp_thumbnail wp-post-image\" alt=\"{:en}What is a Handyman And Why Homeowners Prefer Them Over Contractors{:}{:fr}Qu&#039;est-ce qu&#039;un Handyman et pourquoi les propri\u00e9taires les pr\u00e9f\u00e8rent aux entrepreneurs{:}\" srcset=\"https:\/\/handymananddesigns.com\/wp-content\/uploads\/Handyman-and-deisgns-what-is-a-handyman-thumbnail.jpg 768w, https:\/\/handymananddesigns.com\/wp-content\/uploads\/Handyman-and-deisgns-what-is-a-handyman-thumbnail-480x250.jpg 480w\" sizes=\"auto, (max-width: 768px) 100vw, 768px\" \/><\/a><div style=\"color: #555; margin: 8px 0 0;\"><div class=\"art-custom\"><a href=\"https:\/\/handymananddesigns.com\/fr\/blog\/tips-and-ideas\">Conseils &amp; Astuces<\/a><\/div>   September 8, 2022<\/div> <h3 class=\"lcp_post\"><a href=\"https:\/\/handymananddesigns.com\/fr\/what-is-a-handyman\">Qu&#8217;est-ce qu&#8217;un Handyman et pourquoi les propri\u00e9taires les pr\u00e9f\u00e8rent aux entrepreneurs<\/a><\/h3><div class=\"lcp_excerpt\">Lorsqu'une r\u00e9paration n\u00e9cessite d'\u00eatre effectu\u00e9e, vous avez le choix de le faire vous-m\u00eame, d'engager un entrepreneur g\u00e9n\u00e9ral ou de faire appel \u00e0 un Handyman. Nous examinons les avantages et les inconv\u00e9nients de chaque option.<\/div><a href=\"https:\/\/handymananddesigns.com\/fr\/what-is-a-handyman\">read more \u00bb<\/a><\/li><li><a href=\"https:\/\/handymananddesigns.com\/fr\/how-to-get-rid-of-fruit-flies-forever-for-restaurants-and-homes\" title=\"{:en}How To Get Rid Of Fruit Flies Forever - For Restaurants and Homes{:}{:fr}Comment se d\u00e9barrasser d\u00e9finitivement des mouches \u00e0 fruits - Restaurants et maisons{:}\"><img loading=\"lazy\" decoding=\"async\" width=\"946\" height=\"493\" src=\"https:\/\/handymananddesigns.com\/wp-content\/uploads\/handyman-and-designs-how-to-get-rid-of-fruit-flies-instantly.jpg\" class=\"lcp_thumbnail wp-post-image\" alt=\"{:en}How To Get Rid Of Fruit Flies Forever - For Restaurants and Homes{:}{:fr}Comment se d\u00e9barrasser d\u00e9finitivement des mouches \u00e0 fruits - Restaurants et maisons{:}\" srcset=\"https:\/\/handymananddesigns.com\/wp-content\/uploads\/handyman-and-designs-how-to-get-rid-of-fruit-flies-instantly.jpg 946w, https:\/\/handymananddesigns.com\/wp-content\/uploads\/handyman-and-designs-how-to-get-rid-of-fruit-flies-instantly-768x400.jpg 768w, https:\/\/handymananddesigns.com\/wp-content\/uploads\/handyman-and-designs-how-to-get-rid-of-fruit-flies-instantly-480x250.jpg 480w\" sizes=\"auto, (max-width: 946px) 100vw, 946px\" \/><\/a><div style=\"color: #555; margin: 8px 0 0;\"><div class=\"art-custom\"><a href=\"https:\/\/handymananddesigns.com\/fr\/blog\/tips-and-ideas\">Conseils &amp; Astuces<\/a><\/div>   August 2, 2022<\/div> <h3 class=\"lcp_post\"><a href=\"https:\/\/handymananddesigns.com\/fr\/how-to-get-rid-of-fruit-flies-forever-for-restaurants-and-homes\">Comment se d\u00e9barrasser d\u00e9finitivement des mouches \u00e0 fruits &#8211; Restaurants et maisons<\/a><\/h3><div class=\"lcp_excerpt\">Bien que vous puissiez \u00eatre tent\u00e9 de r\u00e9soudre votre infestation avec un chalumeau, la solution respectueuse de l'environnement pour \"Comment se d\u00e9barrasser d\u00e9finitivement des mouches \u00e0 fruits\" est d'utiliser un aspirateur de type Shop-Vac. Oui, un SHOP-VAC !<\/div><a href=\"https:\/\/handymananddesigns.com\/fr\/how-to-get-rid-of-fruit-flies-forever-for-restaurants-and-homes\">read more \u00bb<\/a><\/li><li><a href=\"https:\/\/handymananddesigns.com\/fr\/how-to-get-rid-of-drain-flies-today\" title=\"{:en}How to Get Rid of Drain Flies - Today!{:}{:fr}Comment se d\u00e9barrasser des moucherons d&#039;\u00e9vier - Aujourd&#039;hui !{:}\"><img loading=\"lazy\" decoding=\"async\" width=\"946\" height=\"493\" src=\"https:\/\/handymananddesigns.com\/wp-content\/uploads\/handyman-and-designs-how-to-get-rid-of-drain-flies-thumb.jpg\" class=\"lcp_thumbnail wp-post-image\" alt=\"{:en}How to Get Rid of Drain Flies - Today!{:}{:fr}Comment se d\u00e9barrasser des moucherons d&#039;\u00e9vier - Aujourd&#039;hui !{:}\" srcset=\"https:\/\/handymananddesigns.com\/wp-content\/uploads\/handyman-and-designs-how-to-get-rid-of-drain-flies-thumb.jpg 946w, https:\/\/handymananddesigns.com\/wp-content\/uploads\/handyman-and-designs-how-to-get-rid-of-drain-flies-thumb-768x400.jpg 768w, https:\/\/handymananddesigns.com\/wp-content\/uploads\/handyman-and-designs-how-to-get-rid-of-drain-flies-thumb-480x250.jpg 480w\" sizes=\"auto, (max-width: 946px) 100vw, 946px\" \/><\/a><div style=\"color: #555; margin: 8px 0 0;\"><div class=\"art-custom\"><a href=\"https:\/\/handymananddesigns.com\/fr\/blog\/tips-and-ideas\">Conseils &amp; Astuces<\/a><\/div>   July 26, 2022<\/div> <h3 class=\"lcp_post\"><a href=\"https:\/\/handymananddesigns.com\/fr\/how-to-get-rid-of-drain-flies-today\">Comment se d\u00e9barrasser des moucherons d&#8217;\u00e9vier &#8211; Aujourd&#8217;hui !<\/a><\/h3><div class=\"lcp_excerpt\">Souffrez-vous d'une infestation de moucherons d'\u00e9vier ? Dans cet article, nous discutons de deux m\u00e9thodes pour \u00e9liminer les infestations d'\u00e9vier en utilisant un nettoyeur \u00e0 vapeur pour \u00e9liminer les moucherons d'\u00e9vier, les larves et les \u0153ufs pr\u00e9sents dans vos canalisations.<\/div><a href=\"https:\/\/handymananddesigns.com\/fr\/how-to-get-rid-of-drain-flies-today\">read more \u00bb<\/a><\/li><li><a href=\"https:\/\/handymananddesigns.com\/fr\/how-to-hire-handyman\" title=\"How to Find a Handyman - An 8 Step Ultimate Guide For Homeowners\"><img loading=\"lazy\" decoding=\"async\" width=\"768\" height=\"400\" src=\"https:\/\/handymananddesigns.com\/wp-content\/uploads\/how-to-find-a-handyman-near-me-thumbnail.jpg\" class=\"lcp_thumbnail wp-post-image\" alt=\"How to Find a Handyman - An 8 Step Ultimate Guide For Homeowners\" srcset=\"https:\/\/handymananddesigns.com\/wp-content\/uploads\/how-to-find-a-handyman-near-me-thumbnail.jpg 768w, https:\/\/handymananddesigns.com\/wp-content\/uploads\/how-to-find-a-handyman-near-me-thumbnail-480x250.jpg 480w\" sizes=\"auto, (max-width: 768px) 100vw, 768px\" \/><\/a><div style=\"color: #555; margin: 8px 0 0;\"><div class=\"art-custom\"><a href=\"https:\/\/handymananddesigns.com\/fr\/blog\/tips-and-ideas\">Conseils &amp; Astuces<\/a><\/div>   July 13, 2022<\/div> <h3 class=\"lcp_post\"><a href=\"https:\/\/handymananddesigns.com\/fr\/how-to-hire-handyman\">How to Find a Handyman &#8211; An 8 Step Ultimate Guide For Homeowners<\/a><\/h3><div class=\"lcp_excerpt\">Test123<\/div><a href=\"https:\/\/handymananddesigns.com\/fr\/how-to-hire-handyman\">read more \u00bb<\/a><\/li><\/ul><ul class='lcp_paginator'><li class='lcp_currentpage'>1<\/li><li><a href='https:\/\/handymananddesigns.com\/fr\/wp-json\/wp\/v2\/pages\/4696?lcp_page0=2#lcp_instance_0' title='2'>2<\/a><\/li><li><a href='https:\/\/handymananddesigns.com\/fr\/wp-json\/wp\/v2\/pages\/4696?lcp_page0=2#lcp_instance_0' title='2' class='lcp_nextlink'>&gt;&gt;<\/a><\/li><\/ul>\r\n<\/div>\r\n<div style=\"height: 1px; clear: both;\"><\/div>\r\n<\/div>","protected":false},"excerpt":{"rendered":"","protected":false},"author":1,"featured_media":0,"parent":0,"menu_order":4,"comment_status":"closed","ping_status":"closed","template":"article-page.php","meta":{"footnotes":""},"class_list":["post-4696","page","type-page","status-publish","hentry"],"translation":{"provider":"WPGlobus","version":"3.0.0","language":"fr","enabled_languages":["en","fr"],"languages":{"en":{"title":true,"content":true,"excerpt":false},"fr":{"title":true,"content":true,"excerpt":false}}},"yoast_head":"<!-- This site is optimized with the Yoast SEO plugin v26.4 - https:\/\/yoast.com\/wordpress\/plugins\/seo\/ -->\n<title>Handyman, DIY &amp; Special Projects Blog | Handyman And Designs<\/title>\n<meta name=\"robots\" content=\"index, follow, max-snippet:-1, max-image-preview:large, max-video-preview:-1\" \/>\n<link rel=\"canonical\" href=\"https:\/\/handymananddesigns.com\/blog\" \/>\n<meta property=\"og:locale\" content=\"fr_FR\" \/>\n<meta property=\"og:type\" content=\"article\" \/>\n<meta property=\"og:title\" content=\"Handyman, DIY &amp; Special Projects Blog | Handyman And Designs\" \/>\n<meta property=\"og:description\" content=\"Find Pro tips and ideas for all your home improvement adventures. Updated regularly, we discuss DIY, home renovation, gardening, decorating, and more...\" \/>\n<meta property=\"og:url\" content=\"https:\/\/handymananddesigns.com\/blog\" \/>\n<meta property=\"og:site_name\" content=\"Handyman And Designs\" \/>\n<meta property=\"article:publisher\" content=\"https:\/\/www.facebook.com\/HandymanAndDesignscom-1917753401876321\" \/>\n<meta property=\"article:modified_time\" content=\"2023-05-07T13:10:52+00:00\" \/>\n<meta property=\"og:image\" content=\"https:\/\/handymananddesigns.com\/wp-content\/uploads\/2022\/06\/Sci-fi-Handyman-Studio-Office.jpg\" \/>\n<meta name=\"twitter:card\" content=\"summary_large_image\" \/>\n<meta name=\"twitter:description\" content=\"Find Pro tips and ideas for all your home improvement adventures. Updated regularly, we discuss DIY, renovation, gardening, decorating, and more...\" \/>\n<script type=\"application\/ld+json\" class=\"yoast-schema-graph\">{\"@context\":\"https:\/\/schema.org\",\"@graph\":[{\"@type\":\"WebPage\",\"@id\":\"https:\/\/handymananddesigns.com\/blog\",\"url\":\"https:\/\/handymananddesigns.com\/blog\",\"name\":\"Handyman, DIY & Special Projects Blog | Handyman And Designs\",\"isPartOf\":{\"@id\":\"https:\/\/handymananddesigns.com\/#website\"},\"primaryImageOfPage\":{\"@id\":\"https:\/\/handymananddesigns.com\/blog#primaryimage\"},\"image\":{\"@id\":\"https:\/\/handymananddesigns.com\/blog#primaryimage\"},\"thumbnailUrl\":\"https:\/\/handymananddesigns.com\/wp-content\/uploads\/header-blog-icon.png\",\"datePublished\":\"2022-05-31T00:11:11+00:00\",\"dateModified\":\"2023-05-07T13:10:52+00:00\",\"description\":\"Find Pro tips and ideas for all your home improvement adventures. Updated regularly, we discuss DIY, home renovation, gardening, decorating, and more.\",\"breadcrumb\":{\"@id\":\"https:\/\/handymananddesigns.com\/blog#breadcrumb\"},\"inLanguage\":\"fr-FR\",\"potentialAction\":[{\"@type\":\"ReadAction\",\"target\":[\"https:\/\/handymananddesigns.com\/blog\"]}]},{\"@type\":\"ImageObject\",\"inLanguage\":\"fr-FR\",\"@id\":\"https:\/\/handymananddesigns.com\/blog#primaryimage\",\"url\":\"https:\/\/handymananddesigns.com\/wp-content\/uploads\/header-blog-icon.png\",\"contentUrl\":\"https:\/\/handymananddesigns.com\/wp-content\/uploads\/header-blog-icon.png\"},{\"@type\":\"BreadcrumbList\",\"@id\":\"https:\/\/handymananddesigns.com\/blog#breadcrumb\",\"itemListElement\":[{\"@type\":\"ListItem\",\"position\":1,\"name\":\"Accueil\",\"item\":\"https:\/\/handymananddesigns.com\/\"},{\"@type\":\"ListItem\",\"position\":2,\"name\":\"Blog\"}]},{\"@type\":\"WebSite\",\"@id\":\"https:\/\/handymananddesigns.com\/#website\",\"url\":\"https:\/\/handymananddesigns.com\/\",\"name\":\"Handyman And Designs\",\"description\":\"Petits et moyens boulots et conceptions!\",\"potentialAction\":[{\"@type\":\"SearchAction\",\"target\":{\"@type\":\"EntryPoint\",\"urlTemplate\":\"https:\/\/handymananddesigns.com\/?s={search_term_string}\"},\"query-input\":{\"@type\":\"PropertyValueSpecification\",\"valueRequired\":true,\"valueName\":\"search_term_string\"}}],\"inLanguage\":\"fr-FR\"}]}<\/script>\n<!-- \/ Yoast SEO plugin. -->","yoast_head_json":{"title":"Handyman, DIY & Special Projects Blog | Handyman And Designs","robots":{"index":"index","follow":"follow","max-snippet":"max-snippet:-1","max-image-preview":"max-image-preview:large","max-video-preview":"max-video-preview:-1"},"canonical":"https:\/\/handymananddesigns.com\/blog","og_locale":"fr_FR","og_type":"article","og_title":"Handyman, DIY & Special Projects Blog | Handyman And Designs","og_description":"Find Pro tips and ideas for all your home improvement adventures. Updated regularly, we discuss DIY, home renovation, gardening, decorating, and more...","og_url":"https:\/\/handymananddesigns.com\/blog","og_site_name":"Handyman And Designs","article_publisher":"https:\/\/www.facebook.com\/HandymanAndDesignscom-1917753401876321","article_modified_time":"2023-05-07T13:10:52+00:00","og_image":[{"url":"https:\/\/handymananddesigns.com\/wp-content\/uploads\/2022\/06\/Sci-fi-Handyman-Studio-Office.jpg","type":"","width":"","height":""}],"twitter_card":"summary_large_image","twitter_description":"Find Pro tips and ideas for all your home improvement adventures. Updated regularly, we discuss DIY, renovation, gardening, decorating, and more...","schema":{"@context":"https:\/\/schema.org","@graph":[{"@type":"WebPage","@id":"https:\/\/handymananddesigns.com\/blog","url":"https:\/\/handymananddesigns.com\/blog","name":"Handyman, DIY & Special Projects Blog | Handyman And Designs","isPartOf":{"@id":"https:\/\/handymananddesigns.com\/#website"},"primaryImageOfPage":{"@id":"https:\/\/handymananddesigns.com\/blog#primaryimage"},"image":{"@id":"https:\/\/handymananddesigns.com\/blog#primaryimage"},"thumbnailUrl":"https:\/\/handymananddesigns.com\/wp-content\/uploads\/header-blog-icon.png","datePublished":"2022-05-31T00:11:11+00:00","dateModified":"2023-05-07T13:10:52+00:00","description":"Find Pro tips and ideas for all your home improvement adventures. Updated regularly, we discuss DIY, home renovation, gardening, decorating, and more.","breadcrumb":{"@id":"https:\/\/handymananddesigns.com\/blog#breadcrumb"},"inLanguage":"fr-FR","potentialAction":[{"@type":"ReadAction","target":["https:\/\/handymananddesigns.com\/blog"]}]},{"@type":"ImageObject","inLanguage":"fr-FR","@id":"https:\/\/handymananddesigns.com\/blog#primaryimage","url":"https:\/\/handymananddesigns.com\/wp-content\/uploads\/header-blog-icon.png","contentUrl":"https:\/\/handymananddesigns.com\/wp-content\/uploads\/header-blog-icon.png"},{"@type":"BreadcrumbList","@id":"https:\/\/handymananddesigns.com\/blog#breadcrumb","itemListElement":[{"@type":"ListItem","position":1,"name":"Accueil","item":"https:\/\/handymananddesigns.com\/"},{"@type":"ListItem","position":2,"name":"Blog"}]},{"@type":"WebSite","@id":"https:\/\/handymananddesigns.com\/#website","url":"https:\/\/handymananddesigns.com\/","name":"Handyman And Designs","description":"Petits et moyens boulots et conceptions!","potentialAction":[{"@type":"SearchAction","target":{"@type":"EntryPoint","urlTemplate":"https:\/\/handymananddesigns.com\/?s={search_term_string}"},"query-input":{"@type":"PropertyValueSpecification","valueRequired":true,"valueName":"search_term_string"}}],"inLanguage":"fr-FR"}]}},"_links":{"self":[{"href":"https:\/\/handymananddesigns.com\/fr\/wp-json\/wp\/v2\/pages\/4696","targetHints":{"allow":["GET"]}}],"collection":[{"href":"https:\/\/handymananddesigns.com\/fr\/wp-json\/wp\/v2\/pages"}],"about":[{"href":"https:\/\/handymananddesigns.com\/fr\/wp-json\/wp\/v2\/types\/page"}],"author":[{"embeddable":true,"href":"https:\/\/handymananddesigns.com\/fr\/wp-json\/wp\/v2\/users\/1"}],"replies":[{"embeddable":true,"href":"https:\/\/handymananddesigns.com\/fr\/wp-json\/wp\/v2\/comments?post=4696"}],"version-history":[{"count":0,"href":"https:\/\/handymananddesigns.com\/fr\/wp-json\/wp\/v2\/pages\/4696\/revisions"}],"wp:attachment":[{"href":"https:\/\/handymananddesigns.com\/fr\/wp-json\/wp\/v2\/media?parent=4696"}],"curies":[{"name":"wp","href":"https:\/\/api.w.org\/{rel}","templated":true}]}}