{"id":6021,"date":"2022-05-17T17:16:52","date_gmt":"2022-05-17T21:16:52","guid":{"rendered":"https:\/\/handymananddesigns.com\/?page_id=6021"},"modified":"2023-05-07T09:13:19","modified_gmt":"2023-05-07T13:13:19","slug":"handyman-tales","status":"publish","type":"page","link":"https:\/\/handymananddesigns.com\/fr\/blog\/handyman-tales","title":{"rendered":"Contes sp\u00e9ciaux"},"content":{"rendered":"<style>\r\n#blogB {   \r\n   background: #fa9d1c; \r\n   text-align: center; \r\n   color: #000; \r\n   pointer-events: none;}\r\n#blogB {pointer-events: none;} \r\n<\/style>\r\n<div id=\"blogTop\">\r\n   <div><\/div>\r\n<\/div>\r\n<div class=\"bgTexture\">\r\n<div style=\"width: 100%;\">\t\t<link href=\"https:\/\/handymananddesigns.com\/wp-content\/plugins\/slideshow-ck\/themes\/default\/css\/camera.css\" rel=\"stylesheet\" type=\"text\/css\" \/>\n\t\t<style type=\"text\/css\">\n\t\t\t#camera_wrap_7085 .camera_pag_ul li img, #camera_wrap_7085 .camera_thumbs_cont ul li img {\n\t\t\t\theight:100px;\n\t\t\t\twidth: auto;\n\t\t\t}\n\t\t\t#camera_wrap_7085 .camera_caption {\n\t\t\t\tdisplay: block;\n\t\t\t\tposition: absolute;\n\t\t\t}\n\t\t\t#camera_wrap_7085 .camera_caption a.camera_caption_link {\n\t\t\t\tdisplay: block;\n\t\t\t\tposition: absolute;\n\t\t\t\tleft: 0;\n\t\t\t\tright: 0;\n\t\t\t\ttop: 0;\n\t\t\t\tbottom: 0;\n\t\t\t}\n\t\t\t#camera_wrap_7085 .camera_caption > div {\n\t\t\t\tpadding-top: 20px;padding-right: 20px;padding-bottom: 20px;padding-left: 20px;margin-bottom: 10px;margin-left: 15%;background: rgba(246,156,33,.8);\t\t\t}\n\t\t\t#camera_wrap_7085 .camera_caption div.camera_caption_title {\n\t\t\t\tcolor: #242425;font-size: 35px;line-height: 35px;font-weight: normal;font-family: Helvetica Neue, Helvetica, Arial, sans-serif;\t\t\t}\n\t\t\t#camera_wrap_7085 .camera_caption div.camera_caption_desc {\n\t\t\t\tfont-size: 12px;line-height: 12px;font-weight: normal;font-family: Helvetica Neue, Helvetica, Arial, sans-serif;\t\t\t}\n\t\t<\/style>\n\t\t\t\t<div class=\"slideshowck camera_wrap camera_amber_skin\" id=\"camera_wrap_7085\">\n\t\t\t\t\t\t\t<div  data-thumb=\"https:\/\/handymananddesigns.com\/wp-content\/uploads\/handyman-from-hell-feature.jpg\" data-src=\"https:\/\/handymananddesigns.com\/wp-content\/uploads\/handyman-from-hell-feature.jpg\" data-link=\"https:\/\/handymananddesigns.com\/the-handyman-from-hell\" data-target=\"_parent\">\n\t\t\t\t\t\t\t\t\t\t\t\t<div class=\"camera_caption fadeIn\">\n\t\t\t\t\t\t\t\t\t\t\t\t\t\t<div class=\"camera_caption_title\">\n\t\t\t\t\t\t\t\t<span class=\"handy\">The Handyman From Hell!<\/span>\t\t\t\t\t\t\t<\/div>\n\t\t\t\t\t\t\t\t\t\t\t\t\t\t\t\t\t\t\t\t\t<div class=\"camera_caption_desc\">\n\t\t\t\t\t\t\t\tHandyman Tales\t\t\t\t\t\t\t<\/div>\n\t\t\t\t\t\t\t\t\t\t\t\t\t\t\t\t\t\t\t\t\t\t\t\t\t\t\t<\/div>\n\t\t\t\t\t\t\t\t\t\t<\/div>\n\t\t\t\t\t<\/div>\n\t\t<div style=\"clear:both;\"><\/div>\n\t\t<\/div>\r\n\r\n<div class=\"blogLiner\">\r\n    <div><\/div>\r\n<\/div>\r\n<div style=\"height: 10px; clear: both;\"><\/div>\r\n<div id=\"bLine\">\r\n   <div><img loading=\"lazy\" decoding=\"async\" src=\"https:\/\/handymananddesigns.com\/wp-content\/uploads\/header-blog-icon.png\" border=\"0\" width=\"402\" height=\"145\" alt=\"Blog Heading Icon\"><\/div>\r\n<\/div>\r\n<div class=\"items-en blogList\" style=\"text-align: center; width: 100%; max-width: 100%;\">\r\n  <a id=\"blogA\" href=\"https:\/\/handymananddesigns.com\/blog\"><h5>Recent Posts<\/h5><\/a>\r\n  <a id=\"blogB\" href=\"https:\/\/handymananddesigns.com\/blog\/handyman-tales\"><h5>Handyman Tales<\/h5><\/a>\r\n  <a id=\"blogC\" href=\"https:\/\/handymananddesigns.com\/blog\/tool-reviews\"><h5>Tool Reviews<\/h5><\/a>\r\n  <a id=\"blogD\" href=\"https:\/\/handymananddesigns.com\/blog\/tips-and-ideas\"><h5>Tips & Ideas<\/h5><\/a>\r\n  <a id=\"blogE\" href=\"https:\/\/handymananddesigns.com\/blog\/news-and-updates\"><h5>News & Updates<\/h5><\/a>\r\n  <a id=\"blogF\" href=\"https:\/\/handymananddesigns.com\/blog\/adventures\"><h5>Adventures<\/h5><\/a>\r\n<\/div>\r\n\r\n<div class=\"items-fr blogList\" style=\"text-align: center; width: 100%; max-width: 100%;\">\r\n  <a id=\"blogA\" href=\"https:\/\/handymananddesigns.com\/fr\/blog\"><h5>Articles r\u00e9cents<\/h5><\/a>\r\n  <a id=\"blogB\" href=\"https:\/\/handymananddesigns.com\/fr\/blog\/handyman-tales\"><h5>Contes sp\u00e9ciaux<\/h5><\/a>\r\n  <a id=\"blogC\" href=\"https:\/\/handymananddesigns.com\/fr\/blog\/tool-reviews\"><h5>Examens d'outils<\/h5><\/a>\r\n  <a id=\"blogD\" href=\"https:\/\/handymananddesigns.com\/fr\/blog\/tips-and-ideas\"><h5>Conseils & Astuces<\/h5><\/a>\r\n  <a id=\"blogE\" href=\"https:\/\/handymananddesigns.com\/fr\/blog\/news-and-updates\"><h5>Mises \u00e0 jour<\/h5><\/a>\r\n  <a id=\"blogF\" href=\"https:\/\/handymananddesigns.com\/fr\/blog\/adventures\"><h5>Aventures<\/h5><\/a>\r\n<\/div>\r\n<div style=\"clear: both; padding-top: 20px;\">\r\n<ul class=\"articlesPage\"><li><a href=\"https:\/\/handymananddesigns.com\/fr\/the-handyman-from-hell\" title=\"The Handyman from Hell\"><img loading=\"lazy\" decoding=\"async\" width=\"768\" height=\"400\" src=\"https:\/\/handymananddesigns.com\/wp-content\/uploads\/article-1-handyman-from-hell-thumb.jpg\" class=\"lcp_thumbnail wp-post-image\" alt=\"The Handyman from Hell\" srcset=\"https:\/\/handymananddesigns.com\/wp-content\/uploads\/article-1-handyman-from-hell-thumb.jpg 768w, https:\/\/handymananddesigns.com\/wp-content\/uploads\/article-1-handyman-from-hell-thumb-480x250.jpg 480w\" sizes=\"auto, (max-width: 768px) 100vw, 768px\" \/><\/a><div style=\"color: #555; margin: 8px 0 0;\"><div class=\"lcp-customfield\"><a href=\"https:\/\/handymananddesigns.com\/fr\/blog\/handyman-tales\/\">Contes sp\u00e9ciaux<\/a><\/div>   June 10, 2022<\/div> <h3 class=\"lcp_post\"><a href=\"https:\/\/handymananddesigns.com\/fr\/the-handyman-from-hell\">The Handyman from Hell<\/a><\/h3><div class=\"lcp_excerpt\">Fran\u00e7ais - Il est tr\u00e8s important d'avoir un patient, de suivre la formation du patient, mais en m\u00eame temps, cela se produit comme beaucoup de travail et de douleur. Car pour en venir au moindre d\u00e9tail, nul ne doit pratiquer un travail quelconque s'il n'en tire aucun b\u00e9n\u00e9fice.<\/div><a href=\"https:\/\/handymananddesigns.com\/fr\/the-handyman-from-hell\">read more \u00bb<\/a><\/li><\/ul>\r\n<\/div>\r\n<div style=\"height: 1px; clear: both;\"><\/div>\r\n<\/div>","protected":false},"excerpt":{"rendered":"","protected":false},"author":2,"featured_media":6575,"parent":4696,"menu_order":2,"comment_status":"closed","ping_status":"closed","template":"article-page.php","meta":{"footnotes":""},"class_list":["post-6021","page","type-page","status-publish","has-post-thumbnail","hentry"],"translation":{"provider":"WPGlobus","version":"3.0.0","language":"fr","enabled_languages":["en","fr"],"languages":{"en":{"title":true,"content":true,"excerpt":false},"fr":{"title":true,"content":true,"excerpt":false}}},"yoast_head":"<!-- This site is optimized with the Yoast SEO plugin v26.4 - https:\/\/yoast.com\/wordpress\/plugins\/seo\/ -->\n<title>Contes sp\u00e9ciaux | Handyman And Designs<\/title>\n<meta name=\"robots\" content=\"index, follow, max-snippet:-1, max-image-preview:large, max-video-preview:-1\" \/>\n<link rel=\"canonical\" href=\"https:\/\/handymananddesigns.com\/blog\/handyman-tales\" \/>\n<meta property=\"og:locale\" content=\"fr_FR\" \/>\n<meta property=\"og:type\" content=\"article\" \/>\n<meta property=\"og:title\" content=\"Contes sp\u00e9ciaux | Handyman And Designs\" \/>\n<meta property=\"og:description\" content=\"Entertaining tales of crazy things that happen to our Handymen at work. Freezing cold conditions, an assortment of weird animals, and everything in between!\" \/>\n<meta property=\"og:url\" content=\"https:\/\/handymananddesigns.com\/blog\/handyman-tales\" \/>\n<meta property=\"og:site_name\" content=\"Handyman And Designs\" \/>\n<meta property=\"article:publisher\" content=\"https:\/\/www.facebook.com\/HandymanAndDesignscom-1917753401876321\" \/>\n<meta property=\"article:modified_time\" content=\"2023-05-07T13:13:19+00:00\" \/>\n<meta property=\"og:image\" content=\"https:\/\/handymananddesigns.com\/wp-content\/uploads\/article-1-handyman-from-hell-feature.jpg\" \/>\n<meta name=\"twitter:card\" content=\"summary_large_image\" \/>\n<meta name=\"twitter:description\" content=\"Crazy things that happen to our Handymen at work. Freezing cold conditions, an assortment of weird animals, and everything in between!\" \/>\n<script type=\"application\/ld+json\" class=\"yoast-schema-graph\">{\"@context\":\"https:\/\/schema.org\",\"@graph\":[{\"@type\":\"WebPage\",\"@id\":\"https:\/\/handymananddesigns.com\/blog\/handyman-tales\",\"url\":\"https:\/\/handymananddesigns.com\/blog\/handyman-tales\",\"name\":\"Contes sp\u00e9ciaux | Handyman And Designs\",\"isPartOf\":{\"@id\":\"https:\/\/handymananddesigns.com\/#website\"},\"primaryImageOfPage\":{\"@id\":\"https:\/\/handymananddesigns.com\/blog\/handyman-tales#primaryimage\"},\"image\":{\"@id\":\"https:\/\/handymananddesigns.com\/blog\/handyman-tales#primaryimage\"},\"thumbnailUrl\":\"https:\/\/handymananddesigns.com\/wp-content\/uploads\/article-1-handyman-from-hell-thumb.jpg\",\"datePublished\":\"2022-05-17T21:16:52+00:00\",\"dateModified\":\"2023-05-07T13:13:19+00:00\",\"description\":\"Entertaining tales of crazy things that happen to our Handymen at work. Freezing cold conditions, an assortment of weird animals, and everything in between!\",\"breadcrumb\":{\"@id\":\"https:\/\/handymananddesigns.com\/blog\/handyman-tales#breadcrumb\"},\"inLanguage\":\"fr-FR\",\"potentialAction\":[{\"@type\":\"ReadAction\",\"target\":[\"https:\/\/handymananddesigns.com\/blog\/handyman-tales\"]}]},{\"@type\":\"ImageObject\",\"inLanguage\":\"fr-FR\",\"@id\":\"https:\/\/handymananddesigns.com\/blog\/handyman-tales#primaryimage\",\"url\":\"https:\/\/handymananddesigns.com\/wp-content\/uploads\/article-1-handyman-from-hell-thumb.jpg\",\"contentUrl\":\"https:\/\/handymananddesigns.com\/wp-content\/uploads\/article-1-handyman-from-hell-thumb.jpg\",\"width\":768,\"height\":400,\"caption\":\"Handyman From Hell Thumbnail\"},{\"@type\":\"BreadcrumbList\",\"@id\":\"https:\/\/handymananddesigns.com\/blog\/handyman-tales#breadcrumb\",\"itemListElement\":[{\"@type\":\"ListItem\",\"position\":1,\"name\":\"Accueil\",\"item\":\"https:\/\/handymananddesigns.com\/\"},{\"@type\":\"ListItem\",\"position\":2,\"name\":\"Blog\",\"item\":\"https:\/\/handymananddesigns.com\/blog\"},{\"@type\":\"ListItem\",\"position\":3,\"name\":\"Handyman Tales\"}]},{\"@type\":\"WebSite\",\"@id\":\"https:\/\/handymananddesigns.com\/#website\",\"url\":\"https:\/\/handymananddesigns.com\/\",\"name\":\"Handyman And Designs\",\"description\":\"Petits et moyens boulots et conceptions!\",\"potentialAction\":[{\"@type\":\"SearchAction\",\"target\":{\"@type\":\"EntryPoint\",\"urlTemplate\":\"https:\/\/handymananddesigns.com\/?s={search_term_string}\"},\"query-input\":{\"@type\":\"PropertyValueSpecification\",\"valueRequired\":true,\"valueName\":\"search_term_string\"}}],\"inLanguage\":\"fr-FR\"}]}<\/script>\n<!-- \/ Yoast SEO plugin. -->","yoast_head_json":{"title":"Contes sp\u00e9ciaux | Handyman And Designs","robots":{"index":"index","follow":"follow","max-snippet":"max-snippet:-1","max-image-preview":"max-image-preview:large","max-video-preview":"max-video-preview:-1"},"canonical":"https:\/\/handymananddesigns.com\/blog\/handyman-tales","og_locale":"fr_FR","og_type":"article","og_title":"Contes sp\u00e9ciaux | Handyman And Designs","og_description":"Entertaining tales of crazy things that happen to our Handymen at work. Freezing cold conditions, an assortment of weird animals, and everything in between!","og_url":"https:\/\/handymananddesigns.com\/blog\/handyman-tales","og_site_name":"Handyman And Designs","article_publisher":"https:\/\/www.facebook.com\/HandymanAndDesignscom-1917753401876321","article_modified_time":"2023-05-07T13:13:19+00:00","og_image":[{"url":"https:\/\/handymananddesigns.com\/wp-content\/uploads\/article-1-handyman-from-hell-feature.jpg","type":"","width":"","height":""}],"twitter_card":"summary_large_image","twitter_description":"Crazy things that happen to our Handymen at work. Freezing cold conditions, an assortment of weird animals, and everything in between!","schema":{"@context":"https:\/\/schema.org","@graph":[{"@type":"WebPage","@id":"https:\/\/handymananddesigns.com\/blog\/handyman-tales","url":"https:\/\/handymananddesigns.com\/blog\/handyman-tales","name":"Contes sp\u00e9ciaux | Handyman And Designs","isPartOf":{"@id":"https:\/\/handymananddesigns.com\/#website"},"primaryImageOfPage":{"@id":"https:\/\/handymananddesigns.com\/blog\/handyman-tales#primaryimage"},"image":{"@id":"https:\/\/handymananddesigns.com\/blog\/handyman-tales#primaryimage"},"thumbnailUrl":"https:\/\/handymananddesigns.com\/wp-content\/uploads\/article-1-handyman-from-hell-thumb.jpg","datePublished":"2022-05-17T21:16:52+00:00","dateModified":"2023-05-07T13:13:19+00:00","description":"Entertaining tales of crazy things that happen to our Handymen at work. Freezing cold conditions, an assortment of weird animals, and everything in between!","breadcrumb":{"@id":"https:\/\/handymananddesigns.com\/blog\/handyman-tales#breadcrumb"},"inLanguage":"fr-FR","potentialAction":[{"@type":"ReadAction","target":["https:\/\/handymananddesigns.com\/blog\/handyman-tales"]}]},{"@type":"ImageObject","inLanguage":"fr-FR","@id":"https:\/\/handymananddesigns.com\/blog\/handyman-tales#primaryimage","url":"https:\/\/handymananddesigns.com\/wp-content\/uploads\/article-1-handyman-from-hell-thumb.jpg","contentUrl":"https:\/\/handymananddesigns.com\/wp-content\/uploads\/article-1-handyman-from-hell-thumb.jpg","width":768,"height":400,"caption":"Handyman From Hell Thumbnail"},{"@type":"BreadcrumbList","@id":"https:\/\/handymananddesigns.com\/blog\/handyman-tales#breadcrumb","itemListElement":[{"@type":"ListItem","position":1,"name":"Accueil","item":"https:\/\/handymananddesigns.com\/"},{"@type":"ListItem","position":2,"name":"Blog","item":"https:\/\/handymananddesigns.com\/blog"},{"@type":"ListItem","position":3,"name":"Handyman Tales"}]},{"@type":"WebSite","@id":"https:\/\/handymananddesigns.com\/#website","url":"https:\/\/handymananddesigns.com\/","name":"Handyman And Designs","description":"Petits et moyens boulots et conceptions!","potentialAction":[{"@type":"SearchAction","target":{"@type":"EntryPoint","urlTemplate":"https:\/\/handymananddesigns.com\/?s={search_term_string}"},"query-input":{"@type":"PropertyValueSpecification","valueRequired":true,"valueName":"search_term_string"}}],"inLanguage":"fr-FR"}]}},"_links":{"self":[{"href":"https:\/\/handymananddesigns.com\/fr\/wp-json\/wp\/v2\/pages\/6021","targetHints":{"allow":["GET"]}}],"collection":[{"href":"https:\/\/handymananddesigns.com\/fr\/wp-json\/wp\/v2\/pages"}],"about":[{"href":"https:\/\/handymananddesigns.com\/fr\/wp-json\/wp\/v2\/types\/page"}],"author":[{"embeddable":true,"href":"https:\/\/handymananddesigns.com\/fr\/wp-json\/wp\/v2\/users\/2"}],"replies":[{"embeddable":true,"href":"https:\/\/handymananddesigns.com\/fr\/wp-json\/wp\/v2\/comments?post=6021"}],"version-history":[{"count":0,"href":"https:\/\/handymananddesigns.com\/fr\/wp-json\/wp\/v2\/pages\/6021\/revisions"}],"up":[{"embeddable":true,"href":"https:\/\/handymananddesigns.com\/fr\/wp-json\/wp\/v2\/pages\/4696"}],"wp:featuredmedia":[{"embeddable":true,"href":"https:\/\/handymananddesigns.com\/fr\/wp-json\/wp\/v2\/media\/6575"}],"wp:attachment":[{"href":"https:\/\/handymananddesigns.com\/fr\/wp-json\/wp\/v2\/media?parent=6021"}],"curies":[{"name":"wp","href":"https:\/\/api.w.org\/{rel}","templated":true}]}}